{"id":133,"date":"2024-12-13T14:31:08","date_gmt":"2024-12-13T13:31:08","guid":{"rendered":"https:\/\/learninglab.ensma.fr\/?page_id=133"},"modified":"2025-11-04T15:42:53","modified_gmt":"2025-11-04T14:42:53","slug":"accompagnement","status":"publish","type":"page","link":"https:\/\/learninglab.ensma.fr\/index.php\/service-learning-lab\/accompagnement\/","title":{"rendered":"Accompagnement"},"content":{"rendered":"\n<p>Le P\u00f4le P\u00e9dagogique et Num\u00e9rique vous accompagne \u00e0 titre individuel ou \u00e0 titre group\u00e9 (\u00e9quipes d\u2019enseignants).<\/p>\n\n\n\n<h5 class=\"wp-block-heading\">Accompagnement des enseignants :&nbsp;<\/h5>\n\n\n\n<ul class=\"wp-block-list\">\n<li>Sur la p\u00e9dagogie dans l&rsquo;enseignement sup\u00e9rieur<\/li>\n\n\n\n<li>Sur les usages du num\u00e9rique<\/li>\n<\/ul>\n\n\n\n<p><strong>Si besoin, veuillez contacter : <\/strong><\/p>\n\n\n\n<p>Maurine GABORIT &#8211; Bureau A409 &#8211; 05.49.49.80.15<\/p>\n\n\n\n<p><\/p>\n","protected":false},"excerpt":{"rendered":"<p>Le P\u00f4le P\u00e9dagogique et Num\u00e9rique vous accompagne \u00e0 titre individuel ou \u00e0 titre group\u00e9 (\u00e9quipes d\u2019enseignants). Accompagnement des enseignants :&nbsp; Si besoin, veuillez contacter : Maurine GABORIT &#8211; Bureau A409 &#8211; 05.49.49.80.15<\/p>\n","protected":false},"author":7,"featured_media":0,"parent":129,"menu_order":0,"comment_status":"closed","ping_status":"closed","template":"page-templates\/full-width.php","meta":{"footnotes":""},"class_list":["post-133","page","type-page","status-publish","hentry"],"_links":{"self":[{"href":"https:\/\/learninglab.ensma.fr\/index.php\/wp-json\/wp\/v2\/pages\/133","targetHints":{"allow":["GET"]}}],"collection":[{"href":"https:\/\/learninglab.ensma.fr\/index.php\/wp-json\/wp\/v2\/pages"}],"about":[{"href":"https:\/\/learninglab.ensma.fr\/index.php\/wp-json\/wp\/v2\/types\/page"}],"author":[{"embeddable":true,"href":"https:\/\/learninglab.ensma.fr\/index.php\/wp-json\/wp\/v2\/users\/7"}],"replies":[{"embeddable":true,"href":"https:\/\/learninglab.ensma.fr\/index.php\/wp-json\/wp\/v2\/comments?post=133"}],"version-history":[{"count":9,"href":"https:\/\/learninglab.ensma.fr\/index.php\/wp-json\/wp\/v2\/pages\/133\/revisions"}],"predecessor-version":[{"id":1000,"href":"https:\/\/learninglab.ensma.fr\/index.php\/wp-json\/wp\/v2\/pages\/133\/revisions\/1000"}],"up":[{"embeddable":true,"href":"https:\/\/learninglab.ensma.fr\/index.php\/wp-json\/wp\/v2\/pages\/129"}],"wp:attachment":[{"href":"https:\/\/learninglab.ensma.fr\/index.php\/wp-json\/wp\/v2\/media?parent=133"}],"curies":[{"name":"wp","href":"https:\/\/api.w.org\/{rel}","templated":true}]}}