{"id":135,"date":"2024-12-13T14:27:00","date_gmt":"2024-12-13T13:27:00","guid":{"rendered":"https:\/\/learninglab.ensma.fr\/?page_id=135"},"modified":"2025-11-04T16:22:40","modified_gmt":"2025-11-04T15:22:40","slug":"formations","status":"publish","type":"page","link":"https:\/\/learninglab.ensma.fr\/index.php\/service-learning-lab\/formations\/","title":{"rendered":"Les P\u00e9dago D\u00e9j&rsquo;"},"content":{"rendered":"\n<p><\/p>\n\n\n\n<h4 class=\"wp-block-heading\">Qu&rsquo;est-ce que les P\u00e9dago D\u00e9j&rsquo; ? <\/h4>\n\n\n\n<p>Ce sont des moments d&rsquo;\u00e9changes et de partage sur une th\u00e9matique donn\u00e9e o\u00f9 les enseignants sont invit\u00e9s (s&rsquo;ils le souhaitent) \u00e0 apporter leur lunch (cr\u00e9neaux de 12h30 \u00e0 13h30).<\/p>\n\n\n\n<p><\/p>\n\n\n\n<ul class=\"wp-block-list\">\n<li>P\u00e9dago D\u00e9j&rsquo; 1 : Pr\u00e9sentation de la nouvelle version de Moodle<\/li>\n\n\n\n<li>P\u00e9dago D\u00e9j&rsquo; 2 : L&rsquo;activit\u00e9 Test dans Moodle<\/li>\n\n\n\n<li>P\u00e9dago D\u00e9j&rsquo; 3 : L&rsquo;outil p\u00e9dagogique Wooclap<\/li>\n\n\n\n<li>P\u00e9dago D\u00e9j&rsquo; 4 : L&rsquo;Intelligence Artificielle<\/li>\n\n\n\n<li>P\u00e9dago D\u00e9j&rsquo; 5 : L&rsquo;outil d&rsquo;\u00e9margement \u00ab\u00a0E-Marge\u00a0\u00bb<\/li>\n\n\n\n<li>P\u00e9dago D\u00e9j&rsquo; 6 : La p\u00e9dagogie inclusive<\/li>\n\n\n\n<li><strong>PROCHAINEMENT : P\u00e9dago D\u00e9j&rsquo; 7 : RETEX Onyxia une plateforme de d\u00e9veloppement \u00e0 distance<\/strong><\/li>\n<\/ul>\n\n\n\n<p><\/p>\n","protected":false},"excerpt":{"rendered":"<p>Qu&rsquo;est-ce que les P\u00e9dago D\u00e9j&rsquo; ? Ce sont des moments d&rsquo;\u00e9changes et de partage sur une th\u00e9matique donn\u00e9e o\u00f9 les enseignants sont invit\u00e9s (s&rsquo;ils le souhaitent) \u00e0 apporter leur lunch (cr\u00e9neaux de 12h30 \u00e0 13h30).<\/p>\n","protected":false},"author":7,"featured_media":0,"parent":129,"menu_order":0,"comment_status":"closed","ping_status":"closed","template":"page-templates\/full-width.php","meta":{"footnotes":""},"class_list":["post-135","page","type-page","status-publish","hentry"],"_links":{"self":[{"href":"https:\/\/learninglab.ensma.fr\/index.php\/wp-json\/wp\/v2\/pages\/135","targetHints":{"allow":["GET"]}}],"collection":[{"href":"https:\/\/learninglab.ensma.fr\/index.php\/wp-json\/wp\/v2\/pages"}],"about":[{"href":"https:\/\/learninglab.ensma.fr\/index.php\/wp-json\/wp\/v2\/types\/page"}],"author":[{"embeddable":true,"href":"https:\/\/learninglab.ensma.fr\/index.php\/wp-json\/wp\/v2\/users\/7"}],"replies":[{"embeddable":true,"href":"https:\/\/learninglab.ensma.fr\/index.php\/wp-json\/wp\/v2\/comments?post=135"}],"version-history":[{"count":13,"href":"https:\/\/learninglab.ensma.fr\/index.php\/wp-json\/wp\/v2\/pages\/135\/revisions"}],"predecessor-version":[{"id":1012,"href":"https:\/\/learninglab.ensma.fr\/index.php\/wp-json\/wp\/v2\/pages\/135\/revisions\/1012"}],"up":[{"embeddable":true,"href":"https:\/\/learninglab.ensma.fr\/index.php\/wp-json\/wp\/v2\/pages\/129"}],"wp:attachment":[{"href":"https:\/\/learninglab.ensma.fr\/index.php\/wp-json\/wp\/v2\/media?parent=135"}],"curies":[{"name":"wp","href":"https:\/\/api.w.org\/{rel}","templated":true}]}}