{"id":162,"date":"2016-07-20T11:15:12","date_gmt":"2016-07-20T09:15:12","guid":{"rendered":"https:\/\/learninglab.ensma.fr\/?page_id=162"},"modified":"2024-12-13T14:14:48","modified_gmt":"2024-12-13T13:14:48","slug":"contact-et-acces","status":"publish","type":"page","link":"https:\/\/learninglab.ensma.fr\/index.php\/contact-et-acces\/","title":{"rendered":"Contact et acc\u00e8s"},"content":{"rendered":"<h3><strong>P\u00f4le p\u00e9dagogique et num\u00e9rique<\/strong><\/h3>\n<p><span style=\"text-decoration: underline;\">Maurine GABORIT<\/span>\u00a0: <strong>Bureau A409 <\/strong><\/p>\n<p><em>T\u00e9l : 05 49 49 80 15 &#8211; maurine.gaborit@ensma.fr<\/em><\/p>\n<p>T\u00e9l\u00e9port 2 \u2013 1 avenue Cl\u00e9ment Ader<br \/>BP 40109 \u2013 86961 Futuroscope Chasseneuil Cedex<\/p>\n\n\n<p><\/p>\n","protected":false},"excerpt":{"rendered":"<p>P\u00f4le p\u00e9dagogique et num\u00e9rique Maurine GABORIT\u00a0: Bureau A409 T\u00e9l : 05 49 49 80 15 &#8211; maurine.gaborit@ensma.fr T\u00e9l\u00e9port 2 \u2013 1 avenue Cl\u00e9ment AderBP 40109 \u2013 86961 Futuroscope Chasseneuil Cedex<\/p>\n","protected":false},"author":7,"featured_media":0,"parent":0,"menu_order":0,"comment_status":"closed","ping_status":"closed","template":"page-templates\/full-width.php","meta":{"footnotes":""},"class_list":["post-162","page","type-page","status-publish","hentry"],"_links":{"self":[{"href":"https:\/\/learninglab.ensma.fr\/index.php\/wp-json\/wp\/v2\/pages\/162","targetHints":{"allow":["GET"]}}],"collection":[{"href":"https:\/\/learninglab.ensma.fr\/index.php\/wp-json\/wp\/v2\/pages"}],"about":[{"href":"https:\/\/learninglab.ensma.fr\/index.php\/wp-json\/wp\/v2\/types\/page"}],"author":[{"embeddable":true,"href":"https:\/\/learninglab.ensma.fr\/index.php\/wp-json\/wp\/v2\/users\/7"}],"replies":[{"embeddable":true,"href":"https:\/\/learninglab.ensma.fr\/index.php\/wp-json\/wp\/v2\/comments?post=162"}],"version-history":[{"count":10,"href":"https:\/\/learninglab.ensma.fr\/index.php\/wp-json\/wp\/v2\/pages\/162\/revisions"}],"predecessor-version":[{"id":844,"href":"https:\/\/learninglab.ensma.fr\/index.php\/wp-json\/wp\/v2\/pages\/162\/revisions\/844"}],"wp:attachment":[{"href":"https:\/\/learninglab.ensma.fr\/index.php\/wp-json\/wp\/v2\/media?parent=162"}],"curies":[{"name":"wp","href":"https:\/\/api.w.org\/{rel}","templated":true}]}}