{"id":2,"date":"2016-06-28T07:47:30","date_gmt":"2016-06-28T07:47:30","guid":{"rendered":"https:\/\/learninglab.ensma.fr\/?page_id=2"},"modified":"2025-11-04T15:27:55","modified_gmt":"2025-11-04T14:27:55","slug":"learninglab","status":"publish","type":"page","link":"https:\/\/learninglab.ensma.fr\/","title":{"rendered":"Le Learning Lab Ensma, l\u2019espace physique de la cellule TICE"},"content":{"rendered":"<div class=\"entry-content\">\n<p style=\"text-align: justify;\"><a href=\"https:\/\/learninglab.ensma.fr\/wp-content\/uploads\/2016\/06\/learninglab.png\"><img loading=\"lazy\" decoding=\"async\" class=\"aligncenter size-full wp-image-609\" src=\"https:\/\/learninglab.ensma.fr\/wp-content\/uploads\/2016\/06\/learninglab.png\" alt=\"\" width=\"670\" height=\"810\" srcset=\"https:\/\/learninglab.ensma.fr\/wp-content\/uploads\/2016\/06\/learninglab.png 670w, https:\/\/learninglab.ensma.fr\/wp-content\/uploads\/2016\/06\/learninglab-248x300.png 248w\" sizes=\"auto, (max-width: 670px) 100vw, 670px\" \/><\/a><\/p>\n<p style=\"text-align: justify;\">L\u2019ISAE-ENSMA a inscrit au c\u0153ur de sa strat\u00e9gie le d\u00e9veloppement d\u2019une politique d\u2019innovation p\u00e9dagogique et d\u2019adaptation de ses m\u00e9thodes d\u2019enseignement, notamment en mati\u00e8re de production de ressources num\u00e9riques.<\/p>\n<p style=\"text-align: justify;\">L\u2019axe novateur en mati\u00e8re de p\u00e9dagogie est port\u00e9 sur le d\u00e9veloppement de la p\u00e9dagogie active et sur l\u2019approche par comp\u00e9tences.<\/p>\n<p style=\"text-align: justify;\">Afin de faciliter l\u2019exp\u00e9rimentation de nouvelles pratiques p\u00e9dagogiques, l\u2019ISAE-ENSMA se dote d\u2019un <em>Learning Lab<\/em>\u00a0: un espace flexible et \u00e9volutif facilitant les rencontres et les \u00e9changes entre les enseignants, les \u00e9tudiants et la cellule TICE. Ce lieu aura pour vocation d\u2019inciter le d\u00e9veloppement et la mise en pratique de nouvelles comp\u00e9tences. \u00c0 travers un \u00e9quipement performant et un accompagnement \u00e0 la prise en main de ce dernier, le <em>Learning Lab<\/em> permettra de se familiariser et de s\u2019approprier les m\u00e9thodes p\u00e9dagogiques actives, ainsi que d\u2019appr\u00e9hender l\u2019impact des technologies et la transformation des espaces physiques d\u2019apprentissage.<\/p>\n<p style=\"text-align: justify;\">Le Learning Lab a pour but de r\u00e9duire les fronti\u00e8res entre enseignement et documentation et de permettre des modes de travail dynamiques et collaboratifs. Il a pour vocation l\u2019appropriation communautaire et personnalis\u00e9e des connaissances \u00e0 travers l\u2019int\u00e9gration de l\u2019enseignement, de l\u2019acquisition de connaissances et de la formation aux technologies innovantes. Il r\u00e9pondra \u00e0 de multiples missions\u00a0: p\u00e9dagogiques, sociales et culturelles.<\/p>\n<p style=\"text-align: justify;\"><a href=\"https:\/\/learninglab.ensma.fr\/wp-content\/uploads\/2017\/06\/fonctions-LL.png\"><img loading=\"lazy\" decoding=\"async\" class=\"aligncenter wp-image-612\" src=\"https:\/\/learninglab.ensma.fr\/wp-content\/uploads\/2017\/06\/fonctions-LL.png\" alt=\"\" width=\"465\" height=\"499\" srcset=\"https:\/\/learninglab.ensma.fr\/wp-content\/uploads\/2017\/06\/fonctions-LL.png 608w, https:\/\/learninglab.ensma.fr\/wp-content\/uploads\/2017\/06\/fonctions-LL-280x300.png 280w\" sizes=\"auto, (max-width: 465px) 100vw, 465px\" \/><\/a><\/p>\n<p style=\"text-align: justify;\">La dimension transformante de ce projet repose sur l\u2019\u00e9volution du paradigme p\u00e9dagogique classique au profit d\u2019un apprentissage davantage centr\u00e9 sur les apprenants et exigeant de ces derniers un engagement fort. Le lieu se doit donc d\u2019accompagner les nouveaux sc\u00e9narios p\u00e9dagogiques et \u00eatre adapt\u00e9 au d\u00e9veloppement des p\u00e9dagogies actives. L\u2019objectif principal est de couvrir des usages aussi diff\u00e9rents que les espaces spatio-temporels les accueillant. Du mat\u00e9riel mobile et adaptable viendra compl\u00e9ter l\u2019\u00e9cosyst\u00e8me num\u00e9rique mis en place gr\u00e2ce \u00e0 l\u2019introduction des classes mobiles et de la plateforme p\u00e9dagogique (Moodle) dans les enseignements. L\u2019espace devra r\u00e9pondra aux diff\u00e9rents besoins jalonnant les parcours d\u2019apprentissage\u00a0: travail individuel \/ collectif\u00a0; transmission \/ appropriation\u00a0; temps formels \/ informels\u00a0; \u2026 favorisant de ce fait la pens\u00e9e critique, la cr\u00e9ativit\u00e9, les comp\u00e9tences sociales et le travail en autonomie.<\/p>\n<\/div>\n<p style=\"text-align: justify;\"><a href=\"https:\/\/learninglab.ensma.fr\/wp-content\/uploads\/2017\/06\/LL-nuage.png\"><img loading=\"lazy\" decoding=\"async\" class=\"aligncenter size-full wp-image-613\" src=\"https:\/\/learninglab.ensma.fr\/wp-content\/uploads\/2017\/06\/LL-nuage.png\" alt=\"\" width=\"706\" height=\"707\" srcset=\"https:\/\/learninglab.ensma.fr\/wp-content\/uploads\/2017\/06\/LL-nuage.png 706w, https:\/\/learninglab.ensma.fr\/wp-content\/uploads\/2017\/06\/LL-nuage-150x150.png 150w, https:\/\/learninglab.ensma.fr\/wp-content\/uploads\/2017\/06\/LL-nuage-300x300.png 300w\" sizes=\"auto, (max-width: 706px) 100vw, 706px\" \/><\/a><\/p>\n<p><a href=\"https:\/\/learninglab.ensma.fr\/index.php\/reservations\/\" target=\"_blank\" rel=\"noopener noreferrer\"> <input type=\"button\" value=\"R\u00e9server\" \/> <\/a><\/p>\n","protected":false},"excerpt":{"rendered":"<p>L\u2019ISAE-ENSMA a inscrit au c\u0153ur de sa strat\u00e9gie le d\u00e9veloppement d\u2019une politique d\u2019innovation p\u00e9dagogique et d\u2019adaptation de ses m\u00e9thodes d\u2019enseignement, notamment en mati\u00e8re de production de ressources num\u00e9riques. L\u2019axe novateur en mati\u00e8re de p\u00e9dagogie est port\u00e9 sur le d\u00e9veloppement de la p\u00e9dagogie active et sur l\u2019approche par comp\u00e9tences. Afin de faciliter l\u2019exp\u00e9rimentation de nouvelles pratiques &hellip; <a href=\"https:\/\/learninglab.ensma.fr\/\" class=\"more-link\">Continuer la lecture de <span class=\"screen-reader-text\">Le Learning Lab Ensma, l\u2019espace physique de la cellule TICE<\/span>  <span class=\"meta-nav\">&rarr;<\/span><\/a><\/p>\n","protected":false},"author":1,"featured_media":0,"parent":0,"menu_order":0,"comment_status":"closed","ping_status":"open","template":"","meta":{"footnotes":""},"class_list":["post-2","page","type-page","status-publish","hentry"],"_links":{"self":[{"href":"https:\/\/learninglab.ensma.fr\/index.php\/wp-json\/wp\/v2\/pages\/2","targetHints":{"allow":["GET"]}}],"collection":[{"href":"https:\/\/learninglab.ensma.fr\/index.php\/wp-json\/wp\/v2\/pages"}],"about":[{"href":"https:\/\/learninglab.ensma.fr\/index.php\/wp-json\/wp\/v2\/types\/page"}],"author":[{"embeddable":true,"href":"https:\/\/learninglab.ensma.fr\/index.php\/wp-json\/wp\/v2\/users\/1"}],"replies":[{"embeddable":true,"href":"https:\/\/learninglab.ensma.fr\/index.php\/wp-json\/wp\/v2\/comments?post=2"}],"version-history":[{"count":10,"href":"https:\/\/learninglab.ensma.fr\/index.php\/wp-json\/wp\/v2\/pages\/2\/revisions"}],"predecessor-version":[{"id":996,"href":"https:\/\/learninglab.ensma.fr\/index.php\/wp-json\/wp\/v2\/pages\/2\/revisions\/996"}],"wp:attachment":[{"href":"https:\/\/learninglab.ensma.fr\/index.php\/wp-json\/wp\/v2\/media?parent=2"}],"curies":[{"name":"wp","href":"https:\/\/api.w.org\/{rel}","templated":true}]}}