{"id":211,"date":"2016-08-25T11:31:03","date_gmt":"2016-08-25T09:31:03","guid":{"rendered":"https:\/\/learninglab.ensma.fr\/?page_id=211"},"modified":"2023-10-25T16:57:44","modified_gmt":"2023-10-25T14:57:44","slug":"la-plateforme-pedagogique-moodle","status":"publish","type":"page","link":"https:\/\/learninglab.ensma.fr\/index.php\/ressources\/la-plateforme-pedagogique-moodle\/","title":{"rendered":"La plateforme p\u00e9dagogique Moodle"},"content":{"rendered":"<p>L&rsquo;ISAE-ENSMA s&rsquo;est dot\u00e9 d&rsquo;une plateforme p\u00e9dagogique. Elle est accessible pour tous les titulaires d&rsquo;un compte ENSMA \u00e0 l&rsquo;adresse suivante : <a href=\"http:\/\/moodle.ensma.fr\" target=\"_blank\" rel=\"noopener\">moodle.ensma.fr<\/a><\/p>\n<p><img loading=\"lazy\" decoding=\"async\" class=\" wp-image-785 aligncenter\" src=\"https:\/\/learninglab.ensma.fr\/wp-content\/uploads\/2023\/10\/capture-moodle-300x130.png\" alt=\"\" width=\"450\" height=\"195\" srcset=\"https:\/\/learninglab.ensma.fr\/wp-content\/uploads\/2023\/10\/capture-moodle-300x130.png 300w, https:\/\/learninglab.ensma.fr\/wp-content\/uploads\/2023\/10\/capture-moodle-1024x445.png 1024w, https:\/\/learninglab.ensma.fr\/wp-content\/uploads\/2023\/10\/capture-moodle-768x334.png 768w, https:\/\/learninglab.ensma.fr\/wp-content\/uploads\/2023\/10\/capture-moodle-1536x668.png 1536w, https:\/\/learninglab.ensma.fr\/wp-content\/uploads\/2023\/10\/capture-moodle.png 1899w\" sizes=\"auto, (max-width: 450px) 100vw, 450px\" \/><\/p>\n<p>Cette plateforme est un site-web sp\u00e9cialis\u00e9 pour l&rsquo;enseignement. Elle r\u00e9unit un large panel de fonctionnalit\u00e9s accessible avec une authentification unique et favorise la structuration et la diffusion des informations.<\/p>\n<p>La plateforme favorise la gestion des activit\u00e9s dans le temps et l&rsquo;espace : l&rsquo;enseignant d\u00e9cide de l&#8217;emplacement de chaque activit\u00e9 et peut restreindre ou programmer la disponibilit\u00e9 des activit\u00e9s.<\/p>\n<p>Cette plateforme favorise l&rsquo;accessibilit\u00e9 des informations (accessibilit\u00e9 web) et le suivi des travaux \u00e9tudiants gr\u00e2ce aux donn\u00e9es de connexions.<\/p>\n","protected":false},"excerpt":{"rendered":"<p>L&rsquo;ISAE-ENSMA s&rsquo;est dot\u00e9 d&rsquo;une plateforme p\u00e9dagogique. Elle est accessible pour tous les titulaires d&rsquo;un compte ENSMA \u00e0 l&rsquo;adresse suivante : moodle.ensma.fr Cette plateforme est un site-web sp\u00e9cialis\u00e9 pour l&rsquo;enseignement. Elle r\u00e9unit un large panel de fonctionnalit\u00e9s accessible avec une authentification unique et favorise la structuration et la diffusion des informations. La plateforme favorise la gestion &hellip; <a href=\"https:\/\/learninglab.ensma.fr\/index.php\/ressources\/la-plateforme-pedagogique-moodle\/\" class=\"more-link\">Continuer la lecture de <span class=\"screen-reader-text\">La plateforme p\u00e9dagogique Moodle<\/span>  <span class=\"meta-nav\">&rarr;<\/span><\/a><\/p>\n","protected":false},"author":2,"featured_media":0,"parent":207,"menu_order":0,"comment_status":"closed","ping_status":"closed","template":"","meta":{"footnotes":""},"class_list":["post-211","page","type-page","status-publish","hentry"],"_links":{"self":[{"href":"https:\/\/learninglab.ensma.fr\/index.php\/wp-json\/wp\/v2\/pages\/211","targetHints":{"allow":["GET"]}}],"collection":[{"href":"https:\/\/learninglab.ensma.fr\/index.php\/wp-json\/wp\/v2\/pages"}],"about":[{"href":"https:\/\/learninglab.ensma.fr\/index.php\/wp-json\/wp\/v2\/types\/page"}],"author":[{"embeddable":true,"href":"https:\/\/learninglab.ensma.fr\/index.php\/wp-json\/wp\/v2\/users\/2"}],"replies":[{"embeddable":true,"href":"https:\/\/learninglab.ensma.fr\/index.php\/wp-json\/wp\/v2\/comments?post=211"}],"version-history":[{"count":5,"href":"https:\/\/learninglab.ensma.fr\/index.php\/wp-json\/wp\/v2\/pages\/211\/revisions"}],"predecessor-version":[{"id":788,"href":"https:\/\/learninglab.ensma.fr\/index.php\/wp-json\/wp\/v2\/pages\/211\/revisions\/788"}],"up":[{"embeddable":true,"href":"https:\/\/learninglab.ensma.fr\/index.php\/wp-json\/wp\/v2\/pages\/207"}],"wp:attachment":[{"href":"https:\/\/learninglab.ensma.fr\/index.php\/wp-json\/wp\/v2\/media?parent=211"}],"curies":[{"name":"wp","href":"https:\/\/api.w.org\/{rel}","templated":true}]}}