{"id":213,"date":"2016-08-25T11:31:18","date_gmt":"2016-08-25T09:31:18","guid":{"rendered":"https:\/\/learninglab.ensma.fr\/?page_id=213"},"modified":"2023-11-16T13:30:46","modified_gmt":"2023-11-16T12:30:46","slug":"stockez-gerez-partagez-enrichissez-vos-medias","status":"publish","type":"page","link":"https:\/\/learninglab.ensma.fr\/index.php\/ressources\/stockez-gerez-partagez-enrichissez-vos-medias\/","title":{"rendered":"M\u00e9dia ENSMA"},"content":{"rendered":"<h2 style=\"text-align: justify;\">Stockez &#8211; G\u00e9rez \u2013 Partagez \u2013 Enrichissez vos m\u00e9dias<\/h2>\n<p style=\"text-align: justify;\"><a href=\"http:\/\/media.ensma.fr\" target=\"_blank\" rel=\"noopener\"><img loading=\"lazy\" decoding=\"async\" class=\"alignnone wp-image-19 size-large\" src=\"https:\/\/learninglab.ensma.fr\/wp-content\/uploads\/2016\/06\/Capture-media-1024x507.jpg\" alt=\"Capture-media\" width=\"474\" height=\"235\" srcset=\"https:\/\/learninglab.ensma.fr\/wp-content\/uploads\/2016\/06\/Capture-media-1024x507.jpg 1024w, https:\/\/learninglab.ensma.fr\/wp-content\/uploads\/2016\/06\/Capture-media-300x148.jpg 300w, https:\/\/learninglab.ensma.fr\/wp-content\/uploads\/2016\/06\/Capture-media-768x380.jpg 768w, https:\/\/learninglab.ensma.fr\/wp-content\/uploads\/2016\/06\/Capture-media.jpg 1884w\" sizes=\"auto, (max-width: 474px) 100vw, 474px\" \/><\/a><\/p>\n<p style=\"text-align: justify;\">La nouvelle plateforme multim\u00e9dia de l&rsquo;ISAE-ENSMA est \u00e0 pr\u00e9sent disponible \u00e0 l&rsquo;adresse suivante : <a href=\"http:\/\/media.ensma.fr\">media.ensma.fr<\/a><\/p>\n<h2 style=\"text-align: justify;\">Fonctionnalit\u00e9s &#8211; Vue \u00e9tudiante ou visionnage :<\/h2>\n<ul style=\"text-align: justify;\">\n<li>La page d&rsquo;accueil vous pr\u00e9sente les derni\u00e8res vid\u00e9os publi\u00e9es par ordre chronologique.<\/li>\n<li>Un syst\u00e8me de filtre permet de retrouver facilement une vid\u00e9o sp\u00e9cifique (tri par auteurs, type, discipline ou encore mots cl\u00e9s).<\/li>\n<li>En compl\u00e9ment du lecteur vid\u00e9o, la plateforme propose un r\u00e9sum\u00e9 de la vid\u00e9o, les informations techniques de la vid\u00e9o et la possibilit\u00e9 <strong>d&rsquo;int\u00e9grer <\/strong>ou de partager la vid\u00e9o par lien.<\/li>\n<\/ul>\n<p style=\"text-align: justify;\">Trois qualit\u00e9s d&rsquo;image sont disponibles 240p (basse r\u00e9solution pour supports mobiles), 480p et 1080p (HD pour projection).<\/p>\n<ul style=\"text-align: justify;\">\n<li>Une fois connect\u00e9, il vous est possible d&rsquo;annoter de mani\u00e8re personnelle les vid\u00e9os visionn\u00e9es.<\/li>\n<li>Certaines vid\u00e9os proposent des outils compl\u00e9mentaires :\n<ul>\n<li><em>Chapitrage des vid\u00e9os<\/em><\/li>\n<li><em>Enrichissement des vid\u00e9os (ajout de m\u00e9dias additionnels durant le visionnage de la vid\u00e9o : int\u00e9gration de pages web \/ images \/ documents \/ html \/ liens web)<\/em><\/li>\n<li><em>Des fichiers li\u00e9s (pdf ou jpg)<\/em><\/li>\n<li><em>La possibilit\u00e9 de t\u00e9l\u00e9charger la vid\u00e9o pour un visionnage hors ligne.<\/em><\/li>\n<\/ul>\n<\/li>\n<\/ul>\n<h3 style=\"text-align: justify;\">Mise en ligne des ressources<\/h3>\n<p style=\"text-align: justify;\">Afin de mettre en ligne vous ressources multim\u00e9dias voici quelques conseils :<\/p>\n<ul style=\"text-align: justify;\">\n<li>Seuls les enseignants et personnels de l&rsquo;ENSMA sont habilit\u00e9s \u00e0 publier sur cette plateforme.<\/li>\n<li>Actuellement seuls les appareils connect\u00e9s au r\u00e9seau de l&rsquo;ENSMA peuvent publier des ressources\n<ul>\n<li><em>Nous pr\u00e9voyons de faire \u00e9voluer prochainement ce service afin de d\u00e9velopper l&rsquo;accessibilit\u00e9 de la plateforme<\/em><\/li>\n<li><em>Le visionnage est accessible depuis l&rsquo;ext\u00e9rieur cependant<\/em><\/li>\n<\/ul>\n<\/li>\n<li>Nous vous conseillons de regrouper toutes vos vid\u00e9os p\u00e9dagogiques et de bien les indexer afin de faciliter leur diffusion<\/li>\n<\/ul>\n<h2 style=\"text-align: justify;\">\u00c9tudiants<\/h2>\n<p style=\"text-align: justify;\">Les \u00e9tudiants souhaitant publier des ressources multim\u00e9dias sont pri\u00e9s de contacter le service multim\u00e9dias.<\/p>\n","protected":false},"excerpt":{"rendered":"<p>Stockez &#8211; G\u00e9rez \u2013 Partagez \u2013 Enrichissez vos m\u00e9dias La nouvelle plateforme multim\u00e9dia de l&rsquo;ISAE-ENSMA est \u00e0 pr\u00e9sent disponible \u00e0 l&rsquo;adresse suivante : media.ensma.fr Fonctionnalit\u00e9s &#8211; Vue \u00e9tudiante ou visionnage : La page d&rsquo;accueil vous pr\u00e9sente les derni\u00e8res vid\u00e9os publi\u00e9es par ordre chronologique. Un syst\u00e8me de filtre permet de retrouver facilement une vid\u00e9o sp\u00e9cifique (tri &hellip; <a href=\"https:\/\/learninglab.ensma.fr\/index.php\/ressources\/stockez-gerez-partagez-enrichissez-vos-medias\/\" class=\"more-link\">Continuer la lecture de <span class=\"screen-reader-text\">M\u00e9dia ENSMA<\/span>  <span class=\"meta-nav\">&rarr;<\/span><\/a><\/p>\n","protected":false},"author":2,"featured_media":0,"parent":207,"menu_order":0,"comment_status":"closed","ping_status":"closed","template":"","meta":{"footnotes":""},"class_list":["post-213","page","type-page","status-publish","hentry"],"_links":{"self":[{"href":"https:\/\/learninglab.ensma.fr\/index.php\/wp-json\/wp\/v2\/pages\/213","targetHints":{"allow":["GET"]}}],"collection":[{"href":"https:\/\/learninglab.ensma.fr\/index.php\/wp-json\/wp\/v2\/pages"}],"about":[{"href":"https:\/\/learninglab.ensma.fr\/index.php\/wp-json\/wp\/v2\/types\/page"}],"author":[{"embeddable":true,"href":"https:\/\/learninglab.ensma.fr\/index.php\/wp-json\/wp\/v2\/users\/2"}],"replies":[{"embeddable":true,"href":"https:\/\/learninglab.ensma.fr\/index.php\/wp-json\/wp\/v2\/comments?post=213"}],"version-history":[{"count":3,"href":"https:\/\/learninglab.ensma.fr\/index.php\/wp-json\/wp\/v2\/pages\/213\/revisions"}],"predecessor-version":[{"id":824,"href":"https:\/\/learninglab.ensma.fr\/index.php\/wp-json\/wp\/v2\/pages\/213\/revisions\/824"}],"up":[{"embeddable":true,"href":"https:\/\/learninglab.ensma.fr\/index.php\/wp-json\/wp\/v2\/pages\/207"}],"wp:attachment":[{"href":"https:\/\/learninglab.ensma.fr\/index.php\/wp-json\/wp\/v2\/media?parent=213"}],"curies":[{"name":"wp","href":"https:\/\/api.w.org\/{rel}","templated":true}]}}