{"id":221,"date":"2016-08-25T11:35:13","date_gmt":"2016-08-25T09:35:13","guid":{"rendered":"https:\/\/learninglab.ensma.fr\/?page_id=221"},"modified":"2017-06-06T15:16:43","modified_gmt":"2017-06-06T13:16:43","slug":"le-learning-lab","status":"publish","type":"page","link":"https:\/\/learninglab.ensma.fr\/index.php\/ressources\/le-learning-lab\/","title":{"rendered":"Le Learning Lab"},"content":{"rendered":"<p>Pourquoi innover ?<\/p>\n<p>Force motrice de l\u2019\u00e9conomie d\u2019aujourd\u2019hui, l\u2019innovation est plus que jamais essentielle \u00e0 la r\u00e9ussite des entreprises. Pourtant innover n\u2019a jamais sembl\u00e9 plus difficile. Pour y r\u00e9ussir, d\u00e9velopper une culture d\u2019innovation et cr\u00e9er un environnement o\u00f9 les individus et leurs id\u00e9es peuvent s\u2019\u00e9panouir est essentiel.<\/p>\n<p>&nbsp;<\/p>\n<p><a href=\"https:\/\/learninglab.ensma.fr\/wp-content\/uploads\/2016\/08\/20160914_113311.jpg\"><img loading=\"lazy\" decoding=\"async\" class=\"aligncenter wp-image-317 size-large\" src=\"https:\/\/learninglab.ensma.fr\/wp-content\/uploads\/2016\/08\/20160914_113311-1024x307.jpg\" width=\"474\" height=\"142\" srcset=\"https:\/\/learninglab.ensma.fr\/wp-content\/uploads\/2016\/08\/20160914_113311-1024x307.jpg 1024w, https:\/\/learninglab.ensma.fr\/wp-content\/uploads\/2016\/08\/20160914_113311-300x90.jpg 300w, https:\/\/learninglab.ensma.fr\/wp-content\/uploads\/2016\/08\/20160914_113311-768x231.jpg 768w\" sizes=\"auto, (max-width: 474px) 100vw, 474px\" \/><\/a><\/p>\n<p>&nbsp;<\/p>\n<p><a href=\"https:\/\/learninglab.ensma.fr\/wp-content\/uploads\/2016\/08\/20161028_103030.jpg\"><img loading=\"lazy\" decoding=\"async\" class=\"aligncenter size-large wp-image-319\" src=\"https:\/\/learninglab.ensma.fr\/wp-content\/uploads\/2016\/08\/20161028_103030-1024x576.jpg\" alt=\"20161028_103030\" width=\"474\" height=\"267\" srcset=\"https:\/\/learninglab.ensma.fr\/wp-content\/uploads\/2016\/08\/20161028_103030-1024x576.jpg 1024w, https:\/\/learninglab.ensma.fr\/wp-content\/uploads\/2016\/08\/20161028_103030-300x169.jpg 300w, https:\/\/learninglab.ensma.fr\/wp-content\/uploads\/2016\/08\/20161028_103030-768x432.jpg 768w\" sizes=\"auto, (max-width: 474px) 100vw, 474px\" \/><\/a><\/p>\n<p>&nbsp;<\/p>\n<p>Les espaces plus petits sont suffisamment flexibles pour s\u2019adapter aux p\u00e9dagogies actives comme aux cours plus traditionnels : ils permettent non seulement de recourir \u00e0 diff\u00e9rentes m\u00e9thodes mais aussi d\u2019accompagner la transition graduelle des enseignants qui ne se sont pas encore familiaris\u00e9s avec l\u2019apprentissage actif.<\/p>\n<p>&nbsp;<\/p>\n<blockquote>\n<h4>\u00ab\u00a0node favorise la collaboration et la mobilit\u00e9 des groupes.\u00a0\u00bb<\/h4>\n<\/blockquote>\n<p>Aujourd\u2019hui, \u00e0 c\u00f4t\u00e9 des traditionnels stylos, craies et feuilles de papier, on trouve des ordinateurs portables, des tableaux et des appareils mobiles. Les \u00e9tudiants de la nouvelle g\u00e9n\u00e9ration, fortement impr\u00e9gn\u00e9s par les r\u00e9seaux sociaux, l\u2019univers des jeux et les nouvelles technologies li\u00e9es \u00e0 l\u2019apprentissage, attendent de la salle de cours qu\u2019elle leur offre une exp\u00e9rience \u00e0 la fois pratique et riche en supports multim\u00e9dia. Ces changements entra\u00eenent l\u2019adoption de mod\u00e8les d\u2019apprentissage actif qui cr\u00e9ent des environnements d\u2019\u00e9tude plus collaboratifs.<\/p>\n<p>&nbsp;<\/p>\n<blockquote>\n<h3>Exemple d&rsquo;utilisation d&rsquo;une salle de p\u00e9dagogie active dans le cadre d&rsquo;une formation en p\u00e9dagogie invers\u00e9e<\/h3>\n<\/blockquote>\n<p><iframe loading=\"lazy\" src=\"https:\/\/www.youtube.com\/embed\/bP-Wjp886xI\" width=\"644\" height=\"362\" frameborder=\"0\" allowfullscreen=\"allowfullscreen\"><\/iframe><\/p>\n<p><a href=\"https:\/\/learninglab.ensma.fr\/index.php\/reservations\/\" target=\"_blank\"> <input type=\"button\" value=\"R\u00e9server\"> <\/a><\/p>\n","protected":false},"excerpt":{"rendered":"<p>Pourquoi innover ? Force motrice de l\u2019\u00e9conomie d\u2019aujourd\u2019hui, l\u2019innovation est plus que jamais essentielle \u00e0 la r\u00e9ussite des entreprises. Pourtant innover n\u2019a jamais sembl\u00e9 plus difficile. Pour y r\u00e9ussir, d\u00e9velopper une culture d\u2019innovation et cr\u00e9er un environnement o\u00f9 les individus et leurs id\u00e9es peuvent s\u2019\u00e9panouir est essentiel. &nbsp; &nbsp; &nbsp; Les espaces plus petits sont &hellip; <a href=\"https:\/\/learninglab.ensma.fr\/index.php\/ressources\/le-learning-lab\/\" class=\"more-link\">Continuer la lecture de <span class=\"screen-reader-text\">Le Learning Lab<\/span>  <span class=\"meta-nav\">&rarr;<\/span><\/a><\/p>\n","protected":false},"author":2,"featured_media":316,"parent":207,"menu_order":0,"comment_status":"closed","ping_status":"closed","template":"","meta":{"footnotes":""},"class_list":["post-221","page","type-page","status-publish","has-post-thumbnail","hentry"],"_links":{"self":[{"href":"https:\/\/learninglab.ensma.fr\/index.php\/wp-json\/wp\/v2\/pages\/221","targetHints":{"allow":["GET"]}}],"collection":[{"href":"https:\/\/learninglab.ensma.fr\/index.php\/wp-json\/wp\/v2\/pages"}],"about":[{"href":"https:\/\/learninglab.ensma.fr\/index.php\/wp-json\/wp\/v2\/types\/page"}],"author":[{"embeddable":true,"href":"https:\/\/learninglab.ensma.fr\/index.php\/wp-json\/wp\/v2\/users\/2"}],"replies":[{"embeddable":true,"href":"https:\/\/learninglab.ensma.fr\/index.php\/wp-json\/wp\/v2\/comments?post=221"}],"version-history":[{"count":6,"href":"https:\/\/learninglab.ensma.fr\/index.php\/wp-json\/wp\/v2\/pages\/221\/revisions"}],"predecessor-version":[{"id":514,"href":"https:\/\/learninglab.ensma.fr\/index.php\/wp-json\/wp\/v2\/pages\/221\/revisions\/514"}],"up":[{"embeddable":true,"href":"https:\/\/learninglab.ensma.fr\/index.php\/wp-json\/wp\/v2\/pages\/207"}],"wp:featuredmedia":[{"embeddable":true,"href":"https:\/\/learninglab.ensma.fr\/index.php\/wp-json\/wp\/v2\/media\/316"}],"wp:attachment":[{"href":"https:\/\/learninglab.ensma.fr\/index.php\/wp-json\/wp\/v2\/media?parent=221"}],"curies":[{"name":"wp","href":"https:\/\/api.w.org\/{rel}","templated":true}]}}