{"id":223,"date":"2016-08-25T11:35:30","date_gmt":"2016-08-25T09:35:30","guid":{"rendered":"https:\/\/learninglab.ensma.fr\/?page_id=223"},"modified":"2017-06-06T15:16:33","modified_gmt":"2017-06-06T13:16:33","slug":"clickshare","status":"publish","type":"page","link":"https:\/\/learninglab.ensma.fr\/index.php\/ressources\/clickshare\/","title":{"rendered":"Le Clickshare"},"content":{"rendered":"<p><iframe loading=\"lazy\" src=\"https:\/\/www.youtube.com\/embed\/otcNEm3asFw\" width=\"560\" height=\"315\" frameborder=\"0\" allowfullscreen=\"allowfullscreen\"><\/iframe><\/p>\n<p>Mat\u00e9riel utilisable dans le Learning Lab sans r\u00e9servation.<br \/>\nPossibilit\u00e9 de r\u00e9server la ressource pour une utilisation en salle de classe ou de r\u00e9union.<\/p>\n<p><a href=\"https:\/\/learninglab.ensma.fr\/index.php\/reservations\/\" target=\"_blank\"> <input type=\"button\" value=\"R\u00e9server\"> <\/a><\/p>\n","protected":false},"excerpt":{"rendered":"<p>Mat\u00e9riel utilisable dans le Learning Lab sans r\u00e9servation. Possibilit\u00e9 de r\u00e9server la ressource pour une utilisation en salle de classe ou de r\u00e9union.<\/p>\n","protected":false},"author":2,"featured_media":0,"parent":207,"menu_order":0,"comment_status":"closed","ping_status":"closed","template":"","meta":{"footnotes":""},"class_list":["post-223","page","type-page","status-publish","hentry"],"_links":{"self":[{"href":"https:\/\/learninglab.ensma.fr\/index.php\/wp-json\/wp\/v2\/pages\/223","targetHints":{"allow":["GET"]}}],"collection":[{"href":"https:\/\/learninglab.ensma.fr\/index.php\/wp-json\/wp\/v2\/pages"}],"about":[{"href":"https:\/\/learninglab.ensma.fr\/index.php\/wp-json\/wp\/v2\/types\/page"}],"author":[{"embeddable":true,"href":"https:\/\/learninglab.ensma.fr\/index.php\/wp-json\/wp\/v2\/users\/2"}],"replies":[{"embeddable":true,"href":"https:\/\/learninglab.ensma.fr\/index.php\/wp-json\/wp\/v2\/comments?post=223"}],"version-history":[{"count":6,"href":"https:\/\/learninglab.ensma.fr\/index.php\/wp-json\/wp\/v2\/pages\/223\/revisions"}],"predecessor-version":[{"id":513,"href":"https:\/\/learninglab.ensma.fr\/index.php\/wp-json\/wp\/v2\/pages\/223\/revisions\/513"}],"up":[{"embeddable":true,"href":"https:\/\/learninglab.ensma.fr\/index.php\/wp-json\/wp\/v2\/pages\/207"}],"wp:attachment":[{"href":"https:\/\/learninglab.ensma.fr\/index.php\/wp-json\/wp\/v2\/media?parent=223"}],"curies":[{"name":"wp","href":"https:\/\/api.w.org\/{rel}","templated":true}]}}