{"id":229,"date":"2016-08-25T11:37:00","date_gmt":"2016-08-25T09:37:00","guid":{"rendered":"https:\/\/learninglab.ensma.fr\/?page_id=229"},"modified":"2023-10-26T16:49:15","modified_gmt":"2023-10-26T14:49:15","slug":"les-boitiers-de-vote","status":"publish","type":"page","link":"https:\/\/learninglab.ensma.fr\/index.php\/ressources\/les-boitiers-de-vote\/","title":{"rendered":"Les boitiers de vote"},"content":{"rendered":"<p><img loading=\"lazy\" decoding=\"async\" class=\"size-medium wp-image-807 aligncenter\" src=\"https:\/\/learninglab.ensma.fr\/wp-content\/uploads\/2023\/10\/IMG-6448-scaled-e1698331745600-300x225.jpg\" alt=\"\" width=\"300\" height=\"225\" srcset=\"https:\/\/learninglab.ensma.fr\/wp-content\/uploads\/2023\/10\/IMG-6448-scaled-e1698331745600-300x225.jpg 300w, https:\/\/learninglab.ensma.fr\/wp-content\/uploads\/2023\/10\/IMG-6448-scaled-e1698331745600-1024x768.jpg 1024w, https:\/\/learninglab.ensma.fr\/wp-content\/uploads\/2023\/10\/IMG-6448-scaled-e1698331745600-768x576.jpg 768w, https:\/\/learninglab.ensma.fr\/wp-content\/uploads\/2023\/10\/IMG-6448-scaled-e1698331745600-1536x1152.jpg 1536w, https:\/\/learninglab.ensma.fr\/wp-content\/uploads\/2023\/10\/IMG-6448-scaled-e1698331745600-2048x1536.jpg 2048w\" sizes=\"auto, (max-width: 300px) 100vw, 300px\" \/><\/p>\n<p>Les boitiers de vote \u00ab\u00a0Je l\u00e8ve la main\u00a0\u00bb est un syst\u00e8me de r\u00e9ponse via bo\u00eetier physique qui va vous permettre d&rsquo;animer vos cours, formations ou pr\u00e9sentations de mani\u00e8re plus g\u00e9n\u00e9rale.<br \/>\n<strong><br \/>\n<em>Un \u00e9diteur de quiz tr\u00e8s complet<\/em><\/strong><\/p>\n<p>L&rsquo;\u00e9diteur de quiz propose de multiples fonctionnalit\u00e9s pour construire vos quiz selon vos besoins. Parmi les types de questions, vous retrouverez notamment la question choix unique, multiple, vrai ou faux et r\u00e9ponse alpha-num\u00e9rique.<br \/>\nDes possibilit\u00e9s suppl\u00e9mentaires vous permettront d&rsquo;enrichir vos quiz comme par exemple l&rsquo;ajout de multim\u00e9dia (images, vid\u00e9os et sons).<br \/>\nPossibilit\u00e9 d&rsquo;acc\u00e9der aux r\u00e9sultats du quiz en direct (ou \u00e0 posteriori)<\/p>\n<p>Notre syst\u00e8me de r\u00e9ponse propose une multitude de r\u00e9sultats pour pouvoir r\u00e9pondre au mieux \u00e0 vos besoins en mati\u00e8re d&rsquo;analyse: r\u00e9sultats globaux, par personne, par groupe, comparatif, historique, &#8230; avec pour chacun d&rsquo;entre eux les statistiques de base. Les r\u00e9sultats sont ensuite exportables en Excel pour effectuer vos analyses.<\/p>\n<p><strong><em>Compatible avec Powerpoint<\/em><\/strong><\/p>\n<p>Certains de vos quiz sont d\u00e9j\u00e0 \u00e9dit\u00e9s sous Powerpoint? Pas de panique, ils ne sont pas perdus car \u00ab\u00a0Je l\u00e8ve la main\u00a0\u00bb s&rsquo;int\u00e8gre dans votre barre d&rsquo;outil Powerpoint. Vous pouvez alors d\u00e9sormais \u00e9diter vos quiz directement depuis Powerpoint.<\/p>\n<p>Les bo\u00eetiers de vote \u00ab\u00a0Je l\u00e8ve la main\u00a0\u00bb sont propos\u00e9s sous forme de pack (31 bo\u00eetiers 15 boutons) comprenant le dongle (pour appairer les bo\u00eetiers \u00e0 votre ordinateur), les bo\u00eetiers de vote (+ 1 bo\u00eetier professeur avec notamment un bouton visualisation des r\u00e9sultats et la possibilit\u00e9 de rythmer le quiz) et la mallette de transport.<br \/>\n7 packs sont disponibles. Les packs sont compatibles entre eux vous permettant de synchroniser un amphith\u00e9\u00e2tre complet.<\/p>\n<p><iframe loading=\"lazy\" src=\"https:\/\/www.youtube.com\/embed\/z8hWSehggvU\" width=\"560\" height=\"315\" frameborder=\"0\" allowfullscreen=\"allowfullscreen\"><\/iframe><\/p>\n<p><a href=\"https:\/\/learninglab.ensma.fr\/index.php\/reservations\/\" target=\"_blank\" rel=\"noopener\"> <input type=\"button\" value=\"R\u00e9server\" \/> <\/a><\/p>\n","protected":false},"excerpt":{"rendered":"<p>Les boitiers de vote \u00ab\u00a0Je l\u00e8ve la main\u00a0\u00bb est un syst\u00e8me de r\u00e9ponse via bo\u00eetier physique qui va vous permettre d&rsquo;animer vos cours, formations ou pr\u00e9sentations de mani\u00e8re plus g\u00e9n\u00e9rale. Un \u00e9diteur de quiz tr\u00e8s complet L&rsquo;\u00e9diteur de quiz propose de multiples fonctionnalit\u00e9s pour construire vos quiz selon vos besoins. Parmi les types de questions, &hellip; <a href=\"https:\/\/learninglab.ensma.fr\/index.php\/ressources\/les-boitiers-de-vote\/\" class=\"more-link\">Continuer la lecture de <span class=\"screen-reader-text\">Les boitiers de vote<\/span>  <span class=\"meta-nav\">&rarr;<\/span><\/a><\/p>\n","protected":false},"author":2,"featured_media":0,"parent":207,"menu_order":0,"comment_status":"closed","ping_status":"closed","template":"","meta":{"footnotes":""},"class_list":["post-229","page","type-page","status-publish","hentry"],"_links":{"self":[{"href":"https:\/\/learninglab.ensma.fr\/index.php\/wp-json\/wp\/v2\/pages\/229","targetHints":{"allow":["GET"]}}],"collection":[{"href":"https:\/\/learninglab.ensma.fr\/index.php\/wp-json\/wp\/v2\/pages"}],"about":[{"href":"https:\/\/learninglab.ensma.fr\/index.php\/wp-json\/wp\/v2\/types\/page"}],"author":[{"embeddable":true,"href":"https:\/\/learninglab.ensma.fr\/index.php\/wp-json\/wp\/v2\/users\/2"}],"replies":[{"embeddable":true,"href":"https:\/\/learninglab.ensma.fr\/index.php\/wp-json\/wp\/v2\/comments?post=229"}],"version-history":[{"count":5,"href":"https:\/\/learninglab.ensma.fr\/index.php\/wp-json\/wp\/v2\/pages\/229\/revisions"}],"predecessor-version":[{"id":809,"href":"https:\/\/learninglab.ensma.fr\/index.php\/wp-json\/wp\/v2\/pages\/229\/revisions\/809"}],"up":[{"embeddable":true,"href":"https:\/\/learninglab.ensma.fr\/index.php\/wp-json\/wp\/v2\/pages\/207"}],"wp:attachment":[{"href":"https:\/\/learninglab.ensma.fr\/index.php\/wp-json\/wp\/v2\/media?parent=229"}],"curies":[{"name":"wp","href":"https:\/\/api.w.org\/{rel}","templated":true}]}}