{"id":556,"date":"2017-06-16T17:52:27","date_gmt":"2017-06-16T15:52:27","guid":{"rendered":"https:\/\/learninglab.ensma.fr\/?page_id=556"},"modified":"2023-10-25T12:58:37","modified_gmt":"2023-10-25T10:58:37","slug":"projet-a_main_le_v","status":"publish","type":"page","link":"https:\/\/learninglab.ensma.fr\/index.php\/reseaux\/projet-a_main_le_v\/","title":{"rendered":"Projet A_Main_Le_V"},"content":{"rendered":"<p><a href=\"https:\/\/learninglab.ensma.fr\/wp-content\/uploads\/2017\/09\/JIPES2017.png\"><img loading=\"lazy\" decoding=\"async\" class=\"aligncenter size-large wp-image-590\" src=\"https:\/\/learninglab.ensma.fr\/wp-content\/uploads\/2017\/09\/JIPES2017-1024x768.png\" alt=\"\" width=\"474\" height=\"356\" srcset=\"https:\/\/learninglab.ensma.fr\/wp-content\/uploads\/2017\/09\/JIPES2017-1024x768.png 1024w, https:\/\/learninglab.ensma.fr\/wp-content\/uploads\/2017\/09\/JIPES2017-300x225.png 300w, https:\/\/learninglab.ensma.fr\/wp-content\/uploads\/2017\/09\/JIPES2017-768x576.png 768w, https:\/\/learninglab.ensma.fr\/wp-content\/uploads\/2017\/09\/JIPES2017.png 1205w\" sizes=\"auto, (max-width: 474px) 100vw, 474px\" \/><\/a><\/p>\n<p><a href=\"http:\/\/www.u-ldevinci.fr\/blog\/2017\/05\/12\/projet-a_main_le_v-fabrique-pedagogique-inter-universitaire\/\">http:\/\/www.u-ldevinci.fr\/blog\/2017\/05\/12\/projet-a_main_le_v-fabrique-pedagogique-inter-universitaire\/ <\/a><\/p>\n<p>Lien du projet : <a href=\"http:\/\/carnumeo.esy.es\/a_main_le_v\/\">http:\/\/carnumeo.esy.es\/a_main_le_v\/\u00a0<\/a><\/p>\n<p>Fiche d&rsquo;identit\u00e9 du projet :<\/p>\n<p><a href=\"https:\/\/learninglab.ensma.fr\/wp-content\/uploads\/2016\/06\/learninglab.png\"><img loading=\"lazy\" decoding=\"async\" class=\"aligncenter size-full wp-image-609\" src=\"https:\/\/learninglab.ensma.fr\/wp-content\/uploads\/2016\/06\/learninglab.png\" alt=\"\" width=\"670\" height=\"810\" srcset=\"https:\/\/learninglab.ensma.fr\/wp-content\/uploads\/2016\/06\/learninglab.png 670w, https:\/\/learninglab.ensma.fr\/wp-content\/uploads\/2016\/06\/learninglab-248x300.png 248w\" sizes=\"auto, (max-width: 670px) 100vw, 670px\" \/><\/a><\/p>\n<p>Salle E201 aile ESPRITT \u2013 16\/28 PLACES<\/p>\n<p><strong>Salle de cours petits effectifs<\/strong> (cours de langues ou salle de projets) de tutorat <strong>ou de r\u00e9union<\/strong>.<\/p>\n<p>C\u2019est aussi un lieu o\u00f9 les \u00e9l\u00e8ves peuvent venir travailler des <strong>projets \u00e9tudiants<\/strong> ou associatifs <strong>en groupe<\/strong>, ou effectuer une r\u00e9union, avec un enseignant ou non, <strong>en pr\u00e9sence ou \u00e0 distance.<\/strong><\/p>\n<h3>Les <strong>5 fonctions cl\u00e9s<\/strong> d\u2019un LearningLab\u00a0:<\/h3>\n<p><a href=\"https:\/\/learninglab.ensma.fr\/wp-content\/uploads\/2017\/06\/fonctions-LL.png\"><img loading=\"lazy\" decoding=\"async\" class=\"aligncenter size-full wp-image-612\" src=\"https:\/\/learninglab.ensma.fr\/wp-content\/uploads\/2017\/06\/fonctions-LL.png\" alt=\"\" width=\"608\" height=\"652\" srcset=\"https:\/\/learninglab.ensma.fr\/wp-content\/uploads\/2017\/06\/fonctions-LL.png 608w, https:\/\/learninglab.ensma.fr\/wp-content\/uploads\/2017\/06\/fonctions-LL-280x300.png 280w\" sizes=\"auto, (max-width: 608px) 100vw, 608px\" \/><\/a><\/p>\n<p>Un LearningLab est un <strong>espace de d\u00e9veloppement de nouvelles comp\u00e9tences et postures collaboratives<\/strong> et apprenantes. Les participants sont appel\u00e9s \u00e0 vivre des <strong>exp\u00e9riences collaboratives d\u2019apprentissage<\/strong>, \u00e0 prendre conscience des processus et dynamiques collectives, \u00e0 pr\u00e9parer leurs propres approches collaboratives, \u00e0 promouvoir autour d\u2019eux des <strong>postures d\u2019acteurs de changement. <\/strong><\/p>\n<p>Le laboratoire va <strong>favoriser une acculturation \u00e0 de nouvelles pratiques p\u00e9dagogiques,<\/strong> en particulier num\u00e9riques. L\u2019acculturation des acteurs p\u00e9dagogiques aux pratiques num\u00e9riques consiste \u00e0 les exposer et les faire participer \u00e0 des approches interactives, \u00e0 <strong>tester de nouvelles ressources, \u00e0 concevoir des supports et de nouvelles approches.<\/strong><\/p>\n<h3>Qu&rsquo;est-ce qu&rsquo;un LearningLab ?<\/h3>\n<p><strong>\u00a0<\/strong><\/p>\n<p>Un LearningLab est un <strong>lieu et un \u00e9cosyst\u00e8me d\u2019exp\u00e9rimentation et d&rsquo;innovation<\/strong> sur les nouvelles formes de travail et d&rsquo;apprentissage collaboratif. Ces <strong>espaces collaboratifs innovants<\/strong> ont recours simultan\u00e9ment aux outils num\u00e9riques, aux environnements, \u00e9quipements, supports d\u2019apprentissage et m\u00e9thodes p\u00e9dagogiques favorisant l\u2019intelligence collective.<\/p>\n<h3><a href=\"https:\/\/learninglab.ensma.fr\/wp-content\/uploads\/2017\/06\/LL-nuage.png\"><img loading=\"lazy\" decoding=\"async\" class=\"aligncenter wp-image-613\" src=\"https:\/\/learninglab.ensma.fr\/wp-content\/uploads\/2017\/06\/LL-nuage.png\" alt=\"\" width=\"371\" height=\"372\" srcset=\"https:\/\/learninglab.ensma.fr\/wp-content\/uploads\/2017\/06\/LL-nuage.png 706w, https:\/\/learninglab.ensma.fr\/wp-content\/uploads\/2017\/06\/LL-nuage-150x150.png 150w, https:\/\/learninglab.ensma.fr\/wp-content\/uploads\/2017\/06\/LL-nuage-300x300.png 300w\" sizes=\"auto, (max-width: 371px) 100vw, 371px\" \/><\/a><\/h3>\n<h3><strong>Caract\u00e9ristiques<\/strong> d\u2019un LearningLab:<\/h3>\n<p>&nbsp;<\/p>\n<ul>\n<li><strong>RECOURS A DES PEDAGOGIES ACTIVES : <\/strong>Exemple\u00a0: situations probl\u00e8mes ou projets<\/li>\n<li><strong>APPRENTISSAGE COLLABORATIF\u00a0 : <\/strong>Int\u00e9grer des interactions interpersonnelles dans l\u2019apprentissage<\/li>\n<li><strong>CONSTRUCTION D\u2019INTELLIGENCE COLLECTIVE : <\/strong>Cr\u00e9er une synergie, processus de croissance et de d\u00e9veloppement de la personne et du groupe, vecteur d\u2019apprentissage et d\u2019\u00e9ducation<\/li>\n<li><strong>DEVELOPPEMENT DE COMPETENCES TRANSVERSALES : <\/strong>Recherche d\u2019informations, esprit critique, travail d\u2019\u00e9quipe, \u00e9valuation, prise de d\u00e9cisions, cr\u00e9ativit\u00e9, gestion de projets<\/li>\n<li><b>RECOURS A DES TECHNOLOGIES DE POINTE :<\/b> Soutenir les dispositifs de co-formation<\/li>\n<li><strong>CREATION D\u2019ENVIRONNEMENT FAVORABLE A LA PRODUCTION, A LA CREATIVITE, AU COLLECTIF : <\/strong>Soutenus fortement par diverses technologies de l\u2019information et de la communication ;<\/li>\n<li><strong>LA MISE EN PLACE DE METHODES PARTICULIERES <\/strong>: tels que le design thinking, le codesign, le leadership partag\u00e9, des ateliers de l\u2019imaginaire, l\u2019effectuation, le visual thinking, le brainstorming \u2026 ;<\/li>\n<\/ul>\n<h3><strong>Pourquoi <\/strong>un LearningLab ENSMA\u00a0?<\/h3>\n<ul>\n<li><strong>FAVORISER LES ECHANGES<\/strong><\/li>\n<\/ul>\n<p>Entre \u00e9l\u00e8ves, enseignants\/chercheurs, entreprises (augmentation des points de connexions num\u00e9riques et physiques)<\/p>\n<ul>\n<li><strong>PLACER L\u2019ELEVE AU C\u0152UR DU PROCESSUS PEDAGOGIQUE\u00a0<\/strong><\/li>\n<\/ul>\n<p>P\u00e9dagogie active, p\u00e9dagogie invers\u00e9e et espaces projets.<\/p>\n<ul>\n<li><strong>OFFRIR A TOUS LES ACTEURS LES MOYENS D\u2019INNOVER<\/strong><\/li>\n<\/ul>\n<p>Gr\u00e2ce \u00e0 des espaces de Prototypage et de plateformes de haute technologie<\/p>\n<p>&nbsp;<\/p>\n<p><em>\u00ab\u00a0Transformer en profondeur les campus autour de trois dimensions structurantes : Brick, Bits and Behaviour\u00a0\u00bb (des briques, des donn\u00e9es num\u00e9riques et les changements de comportement)\u00a0\u00bb<\/em><\/p>\n<p><em>Jean Pouly &#8211; <\/em>Co-fondateur du r\u00e9seau \u2018<em>LearningLab Network\u2019<\/em><\/p>\n<p>&nbsp;<\/p>\n<h3><strong>MATERIEL DISPONIBLE<\/strong><\/h3>\n<p><strong>\u00a0<\/strong><\/p>\n<ul>\n<li><strong>16 places<\/strong> modulaires<\/li>\n<li>2&#215;6 places en <strong>disposition de collaboration<\/strong><\/li>\n<li><strong>7 ordinateurs portables<\/strong> connect\u00e9s au r\u00e9seau local<\/li>\n<li>1 <strong>vid\u00e9o projecteur<\/strong> (Connectique VGA)<\/li>\n<li>1 <strong>tableau blanc<\/strong> num\u00e9risable<\/li>\n<li>1 <strong>\u00e9cran interactif<\/strong> tactile<\/li>\n<li>1 <strong>visio-conf\u00e9rence<\/strong> (Polycom Real Presence \/ Skype)<\/li>\n<li>1 <strong>syst\u00e8me de multi-diffusion<\/strong> (ClickShare)<\/li>\n<li>Mat\u00e9riel de <strong>cr\u00e9ativit\u00e9<\/strong><\/li>\n<\/ul>\n<p>&nbsp;<\/p>\n<p><em>*Tout le mat\u00e9riel mobile peut \u00eatre emprunt\u2013\u2013\u00e9 sur demande pour des besoins sp\u00e9cifiques<\/em><\/p>\n<p>&nbsp;<\/p>\n<h3><strong>ACCOMPAGNEMENT<\/strong><\/h3>\n<p>&nbsp;<\/p>\n<p>La cellule TICE vous accompagne pour toute demande de d\u00e9couverte de l\u2019espace, de techniques d\u2019animation ou de prise en main d\u2019outils num\u00e9riques.<\/p>\n<p>&nbsp;<\/p>\n<p><strong>CONTACT\u00a0: <a href=\"mailto:eloise.joyeux@ensma.fr\"><em>eloise.joyeux@ensma.fr<\/em><\/a><\/strong><\/p>\n<p><a href=\"https:\/\/learninglab.ensma.fr\/wp-content\/uploads\/2017\/06\/mesri.jpeg\"><img loading=\"lazy\" decoding=\"async\" class=\"wp-image-630 alignleft\" src=\"https:\/\/learninglab.ensma.fr\/wp-content\/uploads\/2017\/06\/mesri-756x1024.jpeg\" alt=\"\" width=\"123\" height=\"166\" srcset=\"https:\/\/learninglab.ensma.fr\/wp-content\/uploads\/2017\/06\/mesri-756x1024.jpeg 756w, https:\/\/learninglab.ensma.fr\/wp-content\/uploads\/2017\/06\/mesri-221x300.jpeg 221w, https:\/\/learninglab.ensma.fr\/wp-content\/uploads\/2017\/06\/mesri-768x1041.jpeg 768w\" sizes=\"auto, (max-width: 123px) 100vw, 123px\" \/><\/a><\/p>\n<p>&nbsp;<\/p>\n","protected":false},"excerpt":{"rendered":"<p>http:\/\/www.u-ldevinci.fr\/blog\/2017\/05\/12\/projet-a_main_le_v-fabrique-pedagogique-inter-universitaire\/ Lien du projet : http:\/\/carnumeo.esy.es\/a_main_le_v\/\u00a0 Fiche d&rsquo;identit\u00e9 du projet : Salle E201 aile ESPRITT \u2013 16\/28 PLACES Salle de cours petits effectifs (cours de langues ou salle de projets) de tutorat ou de r\u00e9union. C\u2019est aussi un lieu o\u00f9 les \u00e9l\u00e8ves peuvent venir travailler des projets \u00e9tudiants ou associatifs en groupe, ou effectuer une &hellip; <a href=\"https:\/\/learninglab.ensma.fr\/index.php\/reseaux\/projet-a_main_le_v\/\" class=\"more-link\">Continuer la lecture de <span class=\"screen-reader-text\">Projet A_Main_Le_V<\/span>  <span class=\"meta-nav\">&rarr;<\/span><\/a><\/p>\n","protected":false},"author":2,"featured_media":0,"parent":552,"menu_order":0,"comment_status":"closed","ping_status":"closed","template":"","meta":{"footnotes":""},"class_list":["post-556","page","type-page","status-publish","hentry"],"_links":{"self":[{"href":"https:\/\/learninglab.ensma.fr\/index.php\/wp-json\/wp\/v2\/pages\/556","targetHints":{"allow":["GET"]}}],"collection":[{"href":"https:\/\/learninglab.ensma.fr\/index.php\/wp-json\/wp\/v2\/pages"}],"about":[{"href":"https:\/\/learninglab.ensma.fr\/index.php\/wp-json\/wp\/v2\/types\/page"}],"author":[{"embeddable":true,"href":"https:\/\/learninglab.ensma.fr\/index.php\/wp-json\/wp\/v2\/users\/2"}],"replies":[{"embeddable":true,"href":"https:\/\/learninglab.ensma.fr\/index.php\/wp-json\/wp\/v2\/comments?post=556"}],"version-history":[{"count":5,"href":"https:\/\/learninglab.ensma.fr\/index.php\/wp-json\/wp\/v2\/pages\/556\/revisions"}],"predecessor-version":[{"id":631,"href":"https:\/\/learninglab.ensma.fr\/index.php\/wp-json\/wp\/v2\/pages\/556\/revisions\/631"}],"up":[{"embeddable":true,"href":"https:\/\/learninglab.ensma.fr\/index.php\/wp-json\/wp\/v2\/pages\/552"}],"wp:attachment":[{"href":"https:\/\/learninglab.ensma.fr\/index.php\/wp-json\/wp\/v2\/media?parent=556"}],"curies":[{"name":"wp","href":"https:\/\/api.w.org\/{rel}","templated":true}]}}