{"id":682,"date":"2018-08-27T15:12:25","date_gmt":"2018-08-27T13:12:25","guid":{"rendered":"https:\/\/learninglab.ensma.fr\/?page_id=682"},"modified":"2018-08-27T15:13:58","modified_gmt":"2018-08-27T13:13:58","slug":"682-2","status":"publish","type":"page","link":"https:\/\/learninglab.ensma.fr\/index.php\/reseaux\/682-2\/","title":{"rendered":"GanT : Grille d\u2019analyse de la Transformation p\u00e9dagogique universitaire A_Main_Le_V"},"content":{"rendered":"<p>Le projet \u00ab A_MAIN_LE_V \u00bb a re\u00e7u de la direction g\u00e9n\u00e9rale de l\u2019enseignement sup\u00e9rieur et de l\u2019insertion professionnelle ( DGESIP ), une subvention destin\u00e9e \u00e0 la mise en place du r\u00e9seau d\u2019ing\u00e9nieurs p\u00e9dagogiques et au co-financement de nouveaux espaces physiques d\u2019apprentissage, support \u00e0 cette transformation p\u00e9dagogique.<br \/>\nAu cours de leurs travaux, les membres du r\u00e9seau ont d\u00e9velopp\u00e9 une m\u00e9thode d\u2019audit et une Grille d\u2019analyse de la Transformation (GanT) destin\u00e9e \u00e0 mesurer la progression de chaque \u00e9tablissement dans leur transformation p\u00e9dagogique. Cet outil, baptis\u00e9 \u00ab GanT \u00bb est arriv\u00e9 \u00e0 maturit\u00e9 dans sa deuxi\u00e8me version apr\u00e8s avoir \u00e9t\u00e9 test\u00e9 au sein des 6 \u00e9tablissements du r\u00e9seau.<br \/>\n\u00ab GanT \u00bb int\u00e8gre \u00e0 la fois les objectifs du contrat de site de l\u2019\u00e9tablissement, le r\u00e9f\u00e9rentiel de transformation num\u00e9rique de l\u2019Enseignement sup\u00e9rieur et de la Recherche (ESR), les indicateurs num\u00e9riques du Minist\u00e8re de l\u02bcEnseignement sup\u00e9rieur, de la Recherche et de l\u02bcInnovation (MESRI) et les objectifs du Learning Lab Network.<br \/>\nLa d\u00e9marche d\u2019audit permet donc de nourrir ces indicateurs de mani\u00e8re objective et structur\u00e9e, cette d\u00e9marche est nouvelle et permet d\u2019ancrer efficacement les objectifs de transformation au sein des \u00e9tablissements.<br \/>\nCette m\u00e9thode d\u2019audit tient lieu \u00e9galement d\u2019outil de pilotage permettant \u00e0 son utilisateur de se fixer des objectifs annuels ou pluriannuels r\u00e9alisables et de s\u2019inscrire ainsi dans une d\u00e9marche d\u2019am\u00e9lioration continue.<br \/>\nC\u2019est pourquoi, l\u2019Universit\u00e9 Conf\u00e9d\u00e9rale L\u00e9onard de Vinci (ComUE UCLdV) soutient la candidature d\u2019 A_MAIN_LE_V au Prix PEPS \u00ab Passion Enseignement et P\u00e9dagogie dans le Sup\u00e9rieur \u00bb 2018.<br \/>\nCe prix est destin\u00e9 a\u0300 reconna\u00eetre la qualit\u00e9 de l\u2019enseignement, \u00e0 promouvoir le d\u00e9veloppement de modalit\u00e9s p\u00e9dagogiques innovantes et leur diffusion au sein de la communaut\u00e9 de l\u2019enseignement sup\u00e9rieur.<\/p>\n<p>&nbsp;<\/p>\n<p><a href=\"http:\/\/www.u-ldevinci.fr\/wp-content\/uploads\/2018\/04\/2018-03-06_AMAINLEV_GanT_v0-2.pdf\" target=\"_blank\" rel=\"noopener\">Consultez le document GanT du r\u00e9seau mutualis\u00e9 universitaire p\u00e9dagogique L\u00e9onard de Vinci A_Main_Le_V<\/a><\/p>\n<p>&nbsp;<\/p>\n<p>En savoir plus sur le r\u00e9seau :\u00a0<a href=\"http:\/\/amainlev.u-ldevinci.fr\/\">http:\/\/amainlev.u-ldevinci.fr\/<\/a><\/p>\n<p>&nbsp;<\/p>\n<p>Source :\u00a0<a href=\"http:\/\/www.u-ldevinci.fr\/fr\/blog\/2018\/04\/27\/a_main_le_v-grille-danalyse-de-la-transformation-pedagogique-universitaire\/\">http:\/\/www.u-ldevinci.fr\/fr\/blog\/2018\/04\/27\/a_main_le_v-grille-danalyse-de-la-transformation-pedagogique-universitaire\/\u00a0<\/a><\/p>\n","protected":false},"excerpt":{"rendered":"<p>Le projet \u00ab A_MAIN_LE_V \u00bb a re\u00e7u de la direction g\u00e9n\u00e9rale de l\u2019enseignement sup\u00e9rieur et de l\u2019insertion professionnelle ( DGESIP ), une subvention destin\u00e9e \u00e0 la mise en place du r\u00e9seau d\u2019ing\u00e9nieurs p\u00e9dagogiques et au co-financement de nouveaux espaces physiques d\u2019apprentissage, support \u00e0 cette transformation p\u00e9dagogique. Au cours de leurs travaux, les membres du r\u00e9seau &hellip; <a href=\"https:\/\/learninglab.ensma.fr\/index.php\/reseaux\/682-2\/\" class=\"more-link\">Continuer la lecture de <span class=\"screen-reader-text\">GanT : Grille d\u2019analyse de la Transformation p\u00e9dagogique universitaire A_Main_Le_V<\/span>  <span class=\"meta-nav\">&rarr;<\/span><\/a><\/p>\n","protected":false},"author":2,"featured_media":0,"parent":552,"menu_order":0,"comment_status":"closed","ping_status":"closed","template":"","meta":{"footnotes":""},"class_list":["post-682","page","type-page","status-publish","hentry"],"_links":{"self":[{"href":"https:\/\/learninglab.ensma.fr\/index.php\/wp-json\/wp\/v2\/pages\/682","targetHints":{"allow":["GET"]}}],"collection":[{"href":"https:\/\/learninglab.ensma.fr\/index.php\/wp-json\/wp\/v2\/pages"}],"about":[{"href":"https:\/\/learninglab.ensma.fr\/index.php\/wp-json\/wp\/v2\/types\/page"}],"author":[{"embeddable":true,"href":"https:\/\/learninglab.ensma.fr\/index.php\/wp-json\/wp\/v2\/users\/2"}],"replies":[{"embeddable":true,"href":"https:\/\/learninglab.ensma.fr\/index.php\/wp-json\/wp\/v2\/comments?post=682"}],"version-history":[{"count":2,"href":"https:\/\/learninglab.ensma.fr\/index.php\/wp-json\/wp\/v2\/pages\/682\/revisions"}],"predecessor-version":[{"id":684,"href":"https:\/\/learninglab.ensma.fr\/index.php\/wp-json\/wp\/v2\/pages\/682\/revisions\/684"}],"up":[{"embeddable":true,"href":"https:\/\/learninglab.ensma.fr\/index.php\/wp-json\/wp\/v2\/pages\/552"}],"wp:attachment":[{"href":"https:\/\/learninglab.ensma.fr\/index.php\/wp-json\/wp\/v2\/media?parent=682"}],"curies":[{"name":"wp","href":"https:\/\/api.w.org\/{rel}","templated":true}]}}