{"id":711,"date":"2023-10-09T09:25:54","date_gmt":"2023-10-09T07:25:54","guid":{"rendered":"https:\/\/learninglab.ensma.fr\/?page_id=711"},"modified":"2023-11-16T13:39:27","modified_gmt":"2023-11-16T12:39:27","slug":"l-activlab","status":"publish","type":"page","link":"https:\/\/learninglab.ensma.fr\/index.php\/les-espaces-innovants\/l-activlab\/","title":{"rendered":"L&rsquo; Activ&rsquo;Lab"},"content":{"rendered":"\n<p class=\"has-medium-font-size\"><em>Espace innovant<\/em><\/p>\n\n\n\n<p class=\"has-text-align-left\">L\u2019Activ\u2019Lab est \u00e9quip\u00e9 de mobilier et d\u2019outils technologiques autorisant une grande vari\u00e9t\u00e9 de m\u00e9thodes d\u2019enseignement. <\/p>\n\n\n\n<p class=\"has-text-align-left\">La position des \u00e9crans cr\u00e9e un champ de vision qui d\u00e9mocratise l\u2019acc\u00e8s aux contenus. La salle n\u2019a plus d\u2019avant ni d\u2019arri\u00e8re pour que tous les \u00e9tudiants puissent rester engag\u00e9s. Les tableaux blancs fixes et portatifs comme les \u00e9crans d\u2019affichage permettent la persistance de l\u2019information pour la cr\u00e9ation, la capture et le partage d\u2019id\u00e9es. La position p\u00e9riph\u00e9rique encourage le mouvement des \u00e9tudiants et renouvelle leur attention. <\/p>\n\n\n<div class=\"wp-block-image\">\n<figure class=\"aligncenter size-large is-resized\"><img loading=\"lazy\" decoding=\"async\" width=\"1024\" height=\"768\" src=\"https:\/\/learninglab.ensma.fr\/wp-content\/uploads\/2023\/10\/IMG_6597-1024x768.jpg\" alt=\"\" class=\"wp-image-791\" style=\"width:669px;height:auto\" srcset=\"https:\/\/learninglab.ensma.fr\/wp-content\/uploads\/2023\/10\/IMG_6597-1024x768.jpg 1024w, https:\/\/learninglab.ensma.fr\/wp-content\/uploads\/2023\/10\/IMG_6597-300x225.jpg 300w, https:\/\/learninglab.ensma.fr\/wp-content\/uploads\/2023\/10\/IMG_6597-768x576.jpg 768w, https:\/\/learninglab.ensma.fr\/wp-content\/uploads\/2023\/10\/IMG_6597-1536x1152.jpg 1536w, https:\/\/learninglab.ensma.fr\/wp-content\/uploads\/2023\/10\/IMG_6597-2048x1536.jpg 2048w\" sizes=\"auto, (max-width: 1024px) 100vw, 1024px\" \/><\/figure>\n<\/div>\n\n<div class=\"wp-block-image\">\n<figure class=\"aligncenter size-large is-resized\"><img loading=\"lazy\" decoding=\"async\" width=\"1024\" height=\"768\" src=\"https:\/\/learninglab.ensma.fr\/wp-content\/uploads\/2023\/10\/IMG_6598-2-1024x768.jpg\" alt=\"\" class=\"wp-image-796\" style=\"width:306px;height:auto\" srcset=\"https:\/\/learninglab.ensma.fr\/wp-content\/uploads\/2023\/10\/IMG_6598-2-1024x768.jpg 1024w, https:\/\/learninglab.ensma.fr\/wp-content\/uploads\/2023\/10\/IMG_6598-2-300x225.jpg 300w, https:\/\/learninglab.ensma.fr\/wp-content\/uploads\/2023\/10\/IMG_6598-2-768x576.jpg 768w, https:\/\/learninglab.ensma.fr\/wp-content\/uploads\/2023\/10\/IMG_6598-2-1536x1152.jpg 1536w, https:\/\/learninglab.ensma.fr\/wp-content\/uploads\/2023\/10\/IMG_6598-2-2048x1536.jpg 2048w\" sizes=\"auto, (max-width: 1024px) 100vw, 1024px\" \/><\/figure>\n<\/div>\n\n\n<p class=\"has-text-align-left\">Un tableau num\u00e9rique interactif est \u00e9galement disponible permettant un usage vari\u00e9 du vid\u00e9oprojecteur. L\u2019enseignant peut annoter son PowerPoint au tableau et garder l\u2019attention de ses \u00e9tudiants en leur permettant de r\u00e9cup\u00e9rer ses annotations via l\u2019enregistrement de celles-ci.<\/p>\n\n\n<div class=\"wp-block-image\">\n<figure class=\"aligncenter size-full is-resized\"><img loading=\"lazy\" decoding=\"async\" width=\"490\" height=\"368\" src=\"https:\/\/learninglab.ensma.fr\/wp-content\/uploads\/2023\/11\/image.png\" alt=\"\" class=\"wp-image-826\" style=\"width:345px;height:auto\" srcset=\"https:\/\/learninglab.ensma.fr\/wp-content\/uploads\/2023\/11\/image.png 490w, https:\/\/learninglab.ensma.fr\/wp-content\/uploads\/2023\/11\/image-300x225.png 300w\" sizes=\"auto, (max-width: 490px) 100vw, 490px\" \/><\/figure>\n<\/div>","protected":false},"excerpt":{"rendered":"<p>Espace innovant L\u2019Activ\u2019Lab est \u00e9quip\u00e9 de mobilier et d\u2019outils technologiques autorisant une grande vari\u00e9t\u00e9 de m\u00e9thodes d\u2019enseignement. La position des \u00e9crans cr\u00e9e un champ de vision qui d\u00e9mocratise l\u2019acc\u00e8s aux contenus. La salle n\u2019a plus d\u2019avant ni d\u2019arri\u00e8re pour que tous les \u00e9tudiants puissent rester engag\u00e9s. Les tableaux blancs fixes et portatifs comme les \u00e9crans &hellip; <a href=\"https:\/\/learninglab.ensma.fr\/index.php\/les-espaces-innovants\/l-activlab\/\" class=\"more-link\">Continuer la lecture de <span class=\"screen-reader-text\">L&rsquo; Activ&rsquo;Lab<\/span>  <span class=\"meta-nav\">&rarr;<\/span><\/a><\/p>\n","protected":false},"author":7,"featured_media":0,"parent":705,"menu_order":0,"comment_status":"closed","ping_status":"closed","template":"","meta":{"footnotes":""},"class_list":["post-711","page","type-page","status-publish","hentry"],"_links":{"self":[{"href":"https:\/\/learninglab.ensma.fr\/index.php\/wp-json\/wp\/v2\/pages\/711","targetHints":{"allow":["GET"]}}],"collection":[{"href":"https:\/\/learninglab.ensma.fr\/index.php\/wp-json\/wp\/v2\/pages"}],"about":[{"href":"https:\/\/learninglab.ensma.fr\/index.php\/wp-json\/wp\/v2\/types\/page"}],"author":[{"embeddable":true,"href":"https:\/\/learninglab.ensma.fr\/index.php\/wp-json\/wp\/v2\/users\/7"}],"replies":[{"embeddable":true,"href":"https:\/\/learninglab.ensma.fr\/index.php\/wp-json\/wp\/v2\/comments?post=711"}],"version-history":[{"count":8,"href":"https:\/\/learninglab.ensma.fr\/index.php\/wp-json\/wp\/v2\/pages\/711\/revisions"}],"predecessor-version":[{"id":837,"href":"https:\/\/learninglab.ensma.fr\/index.php\/wp-json\/wp\/v2\/pages\/711\/revisions\/837"}],"up":[{"embeddable":true,"href":"https:\/\/learninglab.ensma.fr\/index.php\/wp-json\/wp\/v2\/pages\/705"}],"wp:attachment":[{"href":"https:\/\/learninglab.ensma.fr\/index.php\/wp-json\/wp\/v2\/media?parent=711"}],"curies":[{"name":"wp","href":"https:\/\/api.w.org\/{rel}","templated":true}]}}