{"id":713,"date":"2023-10-09T09:26:14","date_gmt":"2023-10-09T07:26:14","guid":{"rendered":"https:\/\/learninglab.ensma.fr\/?page_id=713"},"modified":"2023-10-25T16:47:55","modified_gmt":"2023-10-25T14:47:55","slug":"le-futurolab","status":"publish","type":"page","link":"https:\/\/learninglab.ensma.fr\/index.php\/les-espaces-innovants\/le-futurolab\/","title":{"rendered":"Le Futurolab"},"content":{"rendered":"\n<p><\/p>\n\n\n\n<figure class=\"wp-block-image size-large is-resized\"><img loading=\"lazy\" decoding=\"async\" width=\"1024\" height=\"724\" src=\"https:\/\/learninglab.ensma.fr\/wp-content\/uploads\/2023\/10\/FUTUROLAB_cest-quoi-scaled-1-1024x724.jpg\" alt=\"\" class=\"wp-image-770\" style=\"aspect-ratio:1.4143646408839778;width:801px;height:auto\" srcset=\"https:\/\/learninglab.ensma.fr\/wp-content\/uploads\/2023\/10\/FUTUROLAB_cest-quoi-scaled-1-1024x724.jpg 1024w, https:\/\/learninglab.ensma.fr\/wp-content\/uploads\/2023\/10\/FUTUROLAB_cest-quoi-scaled-1-300x212.jpg 300w, https:\/\/learninglab.ensma.fr\/wp-content\/uploads\/2023\/10\/FUTUROLAB_cest-quoi-scaled-1-768x543.jpg 768w, https:\/\/learninglab.ensma.fr\/wp-content\/uploads\/2023\/10\/FUTUROLAB_cest-quoi-scaled-1-1536x1087.jpg 1536w, https:\/\/learninglab.ensma.fr\/wp-content\/uploads\/2023\/10\/FUTUROLAB_cest-quoi-scaled-1-2048x1449.jpg 2048w\" sizes=\"auto, (max-width: 1024px) 100vw, 1024px\" \/><\/figure>\n\n\n\n<p class=\"has-medium-font-size\"><strong>Pour quoi ? <\/strong><\/p>\n\n\n\n<ul class=\"wp-block-list\">\n<li>Initiative \u00e9tudiante (projets, innovation, entrepreneuriat)<\/li>\n\n\n\n<li>Exp\u00e9rimentation p\u00e9dagogique, travail collaboratif et Autonomie<\/li>\n\n\n\n<li>Approche multidisciplinaire : scientifique-technique + SHES + RSE<\/li>\n<\/ul>\n\n\n\n<p class=\"has-medium-font-size\"><strong>Pour qui ? <\/strong><\/p>\n\n\n\n<ul class=\"wp-block-list\">\n<li>Formations du campus CATT (ISAE-ENSMA, Universit\u00e9 de Poitiers)<\/li>\n\n\n\n<li>Entrepreneuriat&nbsp;<a href=\"https:\/\/pepite-nordaquitain.pepitizy.fr\/fr\">PEPITE<\/a>, clubs, Junior entreprise&nbsp;<a href=\"https:\/\/eje.ensma.fr\/\">EJE<\/a><\/li>\n\n\n\n<li>Personnels du Campus A\u00e9ronautique et TransporT (CATT)<\/li>\n\n\n\n<li>Entreprises : accompagnement, innovation<\/li>\n<\/ul>\n\n\n\n<p class=\"has-medium-font-size\"><strong>Comment ?<\/strong><\/p>\n\n\n\n<p>3 espaces th\u00e9matiques sur 2000 m2<\/p>\n\n\n\n<ul class=\"wp-block-list\">\n<li>Hydrog\u00e8ne et Syst\u00e8mes Hybrides pour la mobilit\u00e9<\/li>\n\n\n\n<li>A\u00e9rodynamique et Structures pour l\u2019a\u00e9ronautique et le transport<\/li>\n\n\n\n<li>Syst\u00e8mes autonomes intelligents et r\u00e9alit\u00e9 virtuelle<\/li>\n\n\n\n<li>Et l\u2019indispensable Atelier : usinage, composites, fabrication additive, \u00e9lectronique,\u2026<\/li>\n<\/ul>\n\n\n\n<p class=\"has-medium-font-size\"><strong>Les projets \u00e9tudiants en 2022 :<\/strong><\/p>\n\n\n\n<p><em>Rdv sur le <a href=\"https:\/\/www.ensma.fr\/futurolab\/\" data-type=\"link\" data-id=\"https:\/\/www.ensma.fr\/futurolab\/\" target=\"_blank\" rel=\"noreferrer noopener\">site de l&rsquo;ENSMA<\/a> pour avoir plus de d\u00e9tails.<\/em><\/p>\n\n\n\n<ul class=\"wp-block-list\">\n<li>Banc d&rsquo;essai pour \u00e9tudier la cha\u00eene \u00e9nerg\u00e9tique d&rsquo;un v\u00e9lo \u00e0 hydrog\u00e8ne<\/li>\n\n\n\n<li>Mise en place d&rsquo;une soufflerie \u00e0 destination des projets \u00e9tudiants<\/li>\n\n\n\n<li>Comment passer un moteur thermique conventionnel \u00e0 l&rsquo;hydrog\u00e8ne<\/li>\n\n\n\n<li>Avion instrument\u00e9 construit par les \u00e9tudiants, un tour de l&rsquo;Europe est pr\u00e9vu en 2024 : <a href=\"https:\/\/www.ensma.fr\/build2fly-tour-deurope-avec-un-avion-construit-par-des-etudiants-de-lisae-ensma\/\" data-type=\"link\" data-id=\"https:\/\/www.ensma.fr\/build2fly-tour-deurope-avec-un-avion-construit-par-des-etudiants-de-lisae-ensma\/\" target=\"_blank\" rel=\"noreferrer noopener\">Build2Fly<\/a><\/li>\n\n\n\n<li>Banc Pile \u00e0 combustible pour la formation<\/li>\n\n\n\n<li>CubeSat 3U enti\u00e8rement con\u00e7u par les \u00e9tudiants du <a href=\"https:\/\/www.ensma.fr\/naasc\/\" data-type=\"link\" data-id=\"https:\/\/www.ensma.fr\/naasc\/\" target=\"_blank\" rel=\"noreferrer noopener\">NAASC<\/a> qui va d\u00e9coller en 2025 ! <\/li>\n<\/ul>\n","protected":false},"excerpt":{"rendered":"<p>Pour quoi ? Pour qui ? Comment ? 3 espaces th\u00e9matiques sur 2000 m2 Les projets \u00e9tudiants en 2022 : Rdv sur le site de l&rsquo;ENSMA pour avoir plus de d\u00e9tails.<\/p>\n","protected":false},"author":7,"featured_media":0,"parent":705,"menu_order":0,"comment_status":"closed","ping_status":"closed","template":"","meta":{"footnotes":""},"class_list":["post-713","page","type-page","status-publish","hentry"],"_links":{"self":[{"href":"https:\/\/learninglab.ensma.fr\/index.php\/wp-json\/wp\/v2\/pages\/713","targetHints":{"allow":["GET"]}}],"collection":[{"href":"https:\/\/learninglab.ensma.fr\/index.php\/wp-json\/wp\/v2\/pages"}],"about":[{"href":"https:\/\/learninglab.ensma.fr\/index.php\/wp-json\/wp\/v2\/types\/page"}],"author":[{"embeddable":true,"href":"https:\/\/learninglab.ensma.fr\/index.php\/wp-json\/wp\/v2\/users\/7"}],"replies":[{"embeddable":true,"href":"https:\/\/learninglab.ensma.fr\/index.php\/wp-json\/wp\/v2\/comments?post=713"}],"version-history":[{"count":6,"href":"https:\/\/learninglab.ensma.fr\/index.php\/wp-json\/wp\/v2\/pages\/713\/revisions"}],"predecessor-version":[{"id":781,"href":"https:\/\/learninglab.ensma.fr\/index.php\/wp-json\/wp\/v2\/pages\/713\/revisions\/781"}],"up":[{"embeddable":true,"href":"https:\/\/learninglab.ensma.fr\/index.php\/wp-json\/wp\/v2\/pages\/705"}],"wp:attachment":[{"href":"https:\/\/learninglab.ensma.fr\/index.php\/wp-json\/wp\/v2\/media?parent=713"}],"curies":[{"name":"wp","href":"https:\/\/api.w.org\/{rel}","templated":true}]}}