{"id":734,"date":"2023-10-25T13:02:14","date_gmt":"2023-10-25T11:02:14","guid":{"rendered":"https:\/\/learninglab.ensma.fr\/?page_id=734"},"modified":"2023-10-25T15:56:01","modified_gmt":"2023-10-25T13:56:01","slug":"groupe-isae","status":"publish","type":"page","link":"https:\/\/learninglab.ensma.fr\/index.php\/reseaux\/groupe-isae\/","title":{"rendered":"Groupe ISAE"},"content":{"rendered":"\n<p><em>Site internet du Groupe :<\/em> <a href=\"https:\/\/groupe-isae.fr\/\" data-type=\"link\" data-id=\"https:\/\/groupe-isae.fr\/\" target=\"_blank\" rel=\"noreferrer noopener\">https:\/\/groupe-isae.fr<\/a><\/p>\n\n\n\n<p><strong>Les actions communes du groupe autour du Digital Learning :<\/strong> Lien \u00e0 venir<\/p>\n\n\n<div class=\"wp-block-image\">\n<figure class=\"aligncenter size-full is-resized\"><img loading=\"lazy\" decoding=\"async\" width=\"624\" height=\"245\" src=\"https:\/\/learninglab.ensma.fr\/wp-content\/uploads\/2023\/10\/Isae-logo-groupe.jpg\" alt=\"\" class=\"wp-image-746\" style=\"aspect-ratio:2.546938775510204;width:178px;height:auto\" srcset=\"https:\/\/learninglab.ensma.fr\/wp-content\/uploads\/2023\/10\/Isae-logo-groupe.jpg 624w, https:\/\/learninglab.ensma.fr\/wp-content\/uploads\/2023\/10\/Isae-logo-groupe-300x118.jpg 300w\" sizes=\"auto, (max-width: 624px) 100vw, 624px\" \/><\/figure>\n<\/div>\n\n\n<p>Le Groupe ISAE rassemble 6 grandes \u00e9coles : <\/p>\n\n\n\n<ul class=\"wp-block-list\">\n<li><strong>ISAE-SUPAERO<\/strong> (<a href=\"https:\/\/www.groupe-isae.fr\/isae-supaero\" data-type=\"link\" data-id=\"https:\/\/www.groupe-isae.fr\/isae-supaero\" target=\"_blank\" rel=\"noreferrer noopener\">https:\/\/www.groupe-isae.fr\/isae-supaero<\/a> \/ <a href=\"https:\/\/www.isae-supaero.fr\/fr\/\" target=\"_blank\" rel=\"noreferrer noopener\">https:\/\/www.isae-supaero.fr\/fr\/<\/a>)<\/li>\n\n\n\n<li><strong>ISAE-ENSMA<\/strong> (<a href=\"https:\/\/www.groupe-isae.fr\/isae-ensma\" target=\"_blank\" rel=\"noreferrer noopener\">https:\/\/www.groupe-isae.fr\/isae-ensma<\/a> \/ <a href=\"https:\/\/www.ensma.fr\/\" target=\"_blank\" rel=\"noreferrer noopener\">https:\/\/www.ensma.fr\/<\/a>)<\/li>\n\n\n\n<li><strong>ISAE-SUPMECA<\/strong> (<a href=\"https:\/\/www.groupe-isae.fr\/isae-supmeca\" target=\"_blank\" rel=\"noreferrer noopener\">https:\/\/www.groupe-isae.fr\/isae-supmeca<\/a> \/ <a href=\"https:\/\/www.isae-supmeca.fr\/\" target=\"_blank\" rel=\"noreferrer noopener\">https:\/\/www.isae-supmeca.fr\/<\/a>)<\/li>\n\n\n\n<li><strong>ESTACA<\/strong> (<a href=\"https:\/\/www.groupe-isae.fr\/estaca\" target=\"_blank\" rel=\"noreferrer noopener\">https:\/\/www.groupe-isae.fr\/estaca<\/a> \/ <a href=\"https:\/\/www.estaca.fr\/\" target=\"_blank\" rel=\"noreferrer noopener\">https:\/\/www.estaca.fr\/<\/a>)<\/li>\n\n\n\n<li><strong>Ecole de l&rsquo;air et de l&rsquo;espace<\/strong> (<a href=\"https:\/\/www.groupe-isae.fr\/ecole-de-lair\" target=\"_blank\" rel=\"noreferrer noopener\">https:\/\/www.groupe-isae.fr\/ecole-de-lair<\/a> \/ <a href=\"https:\/\/www.ecole-air-espace.fr\/\" target=\"_blank\" rel=\"noreferrer noopener\">https:\/\/www.ecole-air-espace.fr\/<\/a>)<\/li>\n\n\n\n<li><strong>ENAC <\/strong>(<a href=\"https:\/\/www.groupe-isae.fr\/enac\" target=\"_blank\" rel=\"noreferrer noopener\">https:\/\/www.groupe-isae.fr\/enac<\/a> \/ <a href=\"https:\/\/www.enac.fr\/fr\" target=\"_blank\" rel=\"noreferrer noopener\">https:\/\/www.enac.fr\/fr<\/a>)<\/li>\n<\/ul>\n\n\n<div class=\"wp-block-image\">\n<figure class=\"aligncenter size-large is-resized\"><img loading=\"lazy\" decoding=\"async\" width=\"862\" height=\"1024\" src=\"https:\/\/learninglab.ensma.fr\/wp-content\/uploads\/2023\/10\/carte_isae_2022-862x1024.png\" alt=\"\" class=\"wp-image-745\" style=\"aspect-ratio:0.841796875;object-fit:contain;width:400px\" srcset=\"https:\/\/learninglab.ensma.fr\/wp-content\/uploads\/2023\/10\/carte_isae_2022-862x1024.png 862w, https:\/\/learninglab.ensma.fr\/wp-content\/uploads\/2023\/10\/carte_isae_2022-253x300.png 253w, https:\/\/learninglab.ensma.fr\/wp-content\/uploads\/2023\/10\/carte_isae_2022-768x912.png 768w, https:\/\/learninglab.ensma.fr\/wp-content\/uploads\/2023\/10\/carte_isae_2022-1293x1536.png 1293w, https:\/\/learninglab.ensma.fr\/wp-content\/uploads\/2023\/10\/carte_isae_2022-1725x2048.png 1725w\" sizes=\"auto, (max-width: 862px) 100vw, 862px\" \/><\/figure>\n<\/div>\n\n\n<p><strong>Le Groupe ISAE est une en association loi 1901 qui poursuit 4 objectifs&nbsp;:<\/strong> <\/p>\n\n\n\n<ul class=\"wp-block-list\">\n<li>Formaliser les modes de fonctionnement du Groupe ISAE tout en leur garantissant une certaine souplesse de mise en \u0153uvre et de gestion<\/li>\n\n\n\n<li>Assurer une convergence des pratiques en raisonnant en mode \u00ab&nbsp;compl\u00e9mentarit\u00e9&nbsp;\u00bb<\/li>\n\n\n\n<li>Structurer les r\u00e9flexions th\u00e9matiques et d\u00e9velopper des projets en commun<\/li>\n\n\n\n<li>Se regrouper tout en permettant \u00e0 chaque \u00e9cole de conserver sa personnalit\u00e9 juridique et sa propre strat\u00e9gie de d\u00e9veloppement.<\/li>\n<\/ul>\n\n\n\n<p><strong>3 niveaux d\u2019adh\u00e9rents<\/strong> :<\/p>\n\n\n\n<ul class=\"wp-block-list\">\n<li>Ecoles membres&nbsp;: ISAE-SUPAERO&nbsp;; ISAE-ENSMA&nbsp;; ISAE-SUPM\u00c9CA<\/li>\n\n\n\n<li>Ecoles associ\u00e9es&nbsp;: ESTACA&nbsp;; Ecole de l\u2019Air et de l&rsquo;Espace ; ENAC<\/li>\n\n\n\n<li>Ecoles partenaires&nbsp;: ESTIA&nbsp;; EIGSI&nbsp;; Elisa Aerospace<\/li>\n<\/ul>\n","protected":false},"excerpt":{"rendered":"<p>Site internet du Groupe : https:\/\/groupe-isae.fr Les actions communes du groupe autour du Digital Learning : Lien \u00e0 venir Le Groupe ISAE rassemble 6 grandes \u00e9coles : Le Groupe ISAE est une en association loi 1901 qui poursuit 4 objectifs&nbsp;: 3 niveaux d\u2019adh\u00e9rents :<\/p>\n","protected":false},"author":7,"featured_media":0,"parent":552,"menu_order":0,"comment_status":"closed","ping_status":"closed","template":"","meta":{"footnotes":""},"class_list":["post-734","page","type-page","status-publish","hentry"],"_links":{"self":[{"href":"https:\/\/learninglab.ensma.fr\/index.php\/wp-json\/wp\/v2\/pages\/734","targetHints":{"allow":["GET"]}}],"collection":[{"href":"https:\/\/learninglab.ensma.fr\/index.php\/wp-json\/wp\/v2\/pages"}],"about":[{"href":"https:\/\/learninglab.ensma.fr\/index.php\/wp-json\/wp\/v2\/types\/page"}],"author":[{"embeddable":true,"href":"https:\/\/learninglab.ensma.fr\/index.php\/wp-json\/wp\/v2\/users\/7"}],"replies":[{"embeddable":true,"href":"https:\/\/learninglab.ensma.fr\/index.php\/wp-json\/wp\/v2\/comments?post=734"}],"version-history":[{"count":4,"href":"https:\/\/learninglab.ensma.fr\/index.php\/wp-json\/wp\/v2\/pages\/734\/revisions"}],"predecessor-version":[{"id":763,"href":"https:\/\/learninglab.ensma.fr\/index.php\/wp-json\/wp\/v2\/pages\/734\/revisions\/763"}],"up":[{"embeddable":true,"href":"https:\/\/learninglab.ensma.fr\/index.php\/wp-json\/wp\/v2\/pages\/552"}],"wp:attachment":[{"href":"https:\/\/learninglab.ensma.fr\/index.php\/wp-json\/wp\/v2\/media?parent=734"}],"curies":[{"name":"wp","href":"https:\/\/api.w.org\/{rel}","templated":true}]}}