{"id":750,"date":"2023-10-25T15:30:07","date_gmt":"2023-10-25T13:30:07","guid":{"rendered":"https:\/\/learninglab.ensma.fr\/?page_id=750"},"modified":"2024-12-17T15:43:35","modified_gmt":"2024-12-17T14:43:35","slug":"digital-learning","status":"publish","type":"page","link":"https:\/\/learninglab.ensma.fr\/index.php\/reseaux\/groupe-isae\/digital-learning\/","title":{"rendered":"Commission Digital Learning"},"content":{"rendered":"\n<p>3 projets autour du Digital Learning. <\/p>\n\n\n\n<ul class=\"wp-block-list\">\n<li>Le projet de salles de t\u00e9l\u00e9-enseignement<\/li>\n\n\n\n<li>Le projet ADN Factory<\/li>\n\n\n\n<li>Le projet IREAL<\/li>\n<\/ul>\n\n\n\n<p><\/p>\n\n\n\n<ol class=\"wp-block-list\">\n<li class=\"has-medium-font-size\"><strong>Le projet de salles de t\u00e9l\u00e9-enseignement<\/strong><\/li>\n<\/ol>\n\n\n<div class=\"wp-block-image\">\n<figure class=\"aligncenter size-full\"><img loading=\"lazy\" decoding=\"async\" width=\"768\" height=\"1024\" src=\"https:\/\/learninglab.ensma.fr\/wp-content\/uploads\/2024\/12\/Image-1-1.jpeg\" alt=\"\" class=\"wp-image-912\" srcset=\"https:\/\/learninglab.ensma.fr\/wp-content\/uploads\/2024\/12\/Image-1-1.jpeg 768w, https:\/\/learninglab.ensma.fr\/wp-content\/uploads\/2024\/12\/Image-1-1-225x300.jpeg 225w\" sizes=\"auto, (max-width: 768px) 100vw, 768px\" \/><\/figure>\n<\/div>\n\n<div class=\"wp-block-image\">\n<figure class=\"aligncenter size-full\"><img loading=\"lazy\" decoding=\"async\" width=\"768\" height=\"1024\" src=\"https:\/\/learninglab.ensma.fr\/wp-content\/uploads\/2024\/12\/Image-2.jpeg\" alt=\"\" class=\"wp-image-913\" srcset=\"https:\/\/learninglab.ensma.fr\/wp-content\/uploads\/2024\/12\/Image-2.jpeg 768w, https:\/\/learninglab.ensma.fr\/wp-content\/uploads\/2024\/12\/Image-2-225x300.jpeg 225w\" sizes=\"auto, (max-width: 768px) 100vw, 768px\" \/><\/figure>\n<\/div>\n\n\n<p><\/p>\n\n\n\n<p>Le groupe ISAE capitalise l\u2019exp\u00e9rience de ces mois de formation hybride pour d\u00e9ployer un r\u00e9seau de salles de t\u00e9l\u00e9-enseignement au sein des 5 \u00e9tablissements qui le compose. Ce r\u00e9seau va permettre aux \u00e9tudiants, enseignants, enseignants-chercheurs et vacataires d\u2019exp\u00e9rimenter de nouvelles modalit\u00e9s p\u00e9dagogiques dans un environnement et un lieu offrant toute l\u2019ergonomie et la technologie n\u00e9cessaire au d\u00e9roulement d\u2019une s\u00e9ance de cours.<\/p>\n\n\n\n<p>Ce nouvel \u00e9quipement va ouvrir l\u2019opportunit\u00e9 d\u2019effacer les contraintes g\u00e9ographiques et multiplier les possibilit\u00e9s de collaboration inter-\u00e9tablissements du groupe ISAE.<\/p>\n\n\n\n<p>Les salles de t\u00e9l\u00e9-enseignement fonctionnent par syst\u00e8me de r\u00e9servation centralis\u00e9 coupl\u00e9 \u00e0 un dispositif de webconf\u00e9rence et performant, dans une salle particuli\u00e8rement adapt\u00e9e \u00e0 ce type d\u2019interaction. Un vacataire industriel parisien pourra faire une intervention d\u2019une heure aux \u00e9l\u00e8ves ing\u00e9nieurs de l\u2019ISAE-SUPAERO depuis SUPMECA, un enseignant de l\u2019ENSMA pourra enseigner \u00e0 l\u2019Ecole de l\u2019Air dans de tr\u00e8s bonnes conditions et sans avoir \u00e0 pr\u00e9voir une journ\u00e9e de d\u00e9placement. Les \u00e9tudiants pourront suivre les cours d\u00e9livr\u00e9s par un intervenant pr\u00e9sent dans une des salles de t\u00e9l\u00e9-enseignement du groupe ISAE \u00e9quip\u00e9e selon le contexte d\u2019utilisation.<\/p>\n\n\n\n<p>Etendre et faciliter la mise en place de cours hybrides, faciliter l\u2019acc\u00e8s aux \u00e9tablissements du groupe ISAE, proposer des outils les plus ergonomiques pour enseigner et diversifier les m\u00e9thodes de travail sont les piliers majeurs de la mise en place des salles de t\u00e9l\u00e9-enseignement.<\/p>\n\n\n\n<hr class=\"wp-block-separator aligncenter has-alpha-channel-opacity is-style-default\"\/>\n\n\n\n<ol start=\"2\" class=\"wp-block-list\">\n<li class=\"has-medium-font-size\"><strong>Le projet ADN Factory<\/strong><\/li>\n<\/ol>\n\n\n\n<p><strong>Un ADN (Aerospace Digital Nugget) est une ressource p\u00e9dagogique int\u00e9grant des apports th\u00e9oriques, des exercices pratiques et une auto-\u00e9valuation formative.<\/strong> Chaque contenu correspond \u00e0 une dur\u00e9e d\u2019apprentissage comprise entre <strong>5 et 30 minutes<\/strong>. Sa construction est ind\u00e9pendante du contexte d\u2019apprentissage permettant une <strong>r\u00e9utilisabilit\u00e9 <\/strong>forte.<\/p>\n\n\n\n<p>Les \u00e9tablissements du groupe ISAE mettent en commun leur savoir-faire scientifique et p\u00e9dagogique au profit du public apprenant pour produire un ensemble d\u2019ADN dans leurs domaines d\u2019expertise. Ainsi <strong>le projet ADN Factory permettra l\u2019\u00e9change et le partage des ADN produits au sein de groupe ISAE.<\/strong><\/p>\n\n\n\n<p>Le projet repose sur les objectifs suivants :<\/p>\n\n\n\n<ul class=\"wp-block-list\">\n<li>Optimiser l\u2019utilisation des ressources<\/li>\n\n\n\n<li>Produire des contenus p\u00e9dagogiques de mani\u00e8re efficace et en maitrisant le niveau de qualit\u00e9<\/li>\n\n\n\n<li>Faciliter la mise en \u0153uvre d\u2019un enseignement asynchrone et adaptatif<\/li>\n<\/ul>\n\n\n\n<p>Faciliter l\u2019int\u00e9gration des ADN dans les plateformes p\u00e9dagogiques internes et externes des \u00e9tablissements du groupe ISAE (cours pr\u00e9sentiels ou distanciels, MOOC, &#8230;).<\/p>\n\n\n\n<div class=\"wp-block-buttons is-content-justification-center is-layout-flex wp-container-core-buttons-is-layout-16018d1d wp-block-buttons-is-layout-flex\">\n<div class=\"wp-block-button has-custom-width wp-block-button__width-100\"><a class=\"wp-block-button__link has-dark-gray-background-color has-background wp-element-button\" href=\"https:\/\/microlearning.groupe-isae.fr\/\" target=\"_blank\" rel=\"noreferrer noopener\">Aller sur la plateforme Microlearning<\/a><\/div>\n<\/div>\n\n\n\n<hr class=\"wp-block-separator aligncenter has-alpha-channel-opacity\"\/>\n\n\n\n<ol start=\"3\" class=\"wp-block-list\">\n<li class=\"has-medium-font-size\"><strong>Le projet IREAL<\/strong><\/li>\n<\/ol>\n\n\n\n<p>Les progr\u00e8s en mati\u00e8re de technologies \u00e9ducatives permettent de r\u00e9pondre, au plus pr\u00e8s, aux attentes des \u00e9tudiants et des enseignants. Aujourd&rsquo;hui, le groupe s\u2019accorde \u00e0 innover dans le domaine de l\u2019apprentissage afin de donner, au public, des acc\u00e8s plus rapides, plus faciles et encore plus adapt\u00e9s.<\/p>\n\n\n\n<p>C\u2019est ainsi que l\u2019ISAE-SUPAERO a d\u00e9velopp\u00e9 la plateforme IREAL, litt\u00e9ralement \u00ab\u00a0<strong>Interactive&nbsp;Remote&nbsp;Experimentation for Aerospace Learning<\/strong>\u00ab\u00a0, ou en fran\u00e7ais, \u00ab\u00a0<strong>Exp\u00e9rimentation \u00e0 distante et interactive pour l\u2019apprentissage de l\u2019ing\u00e9nierie a\u00e9rospatiale<\/strong>\u00ab\u00a0.&nbsp;<\/p>\n\n\n\n<p>Celle-ci se concentre sur l\u2019apprentissage par la pratique et l\u2019exp\u00e9rimentation scientifique. Elle propose aux \u00e9tudiants une approche innovante de digitalisation et d\u2019h\u00e9bergement d\u2019exp\u00e9riences scientifiques de tous types, et offre un rendu interactif reposant sur des contenus multim\u00e9dias, dont la vid\u00e9o.<\/p>\n\n\n\n<p>C\u2019est \u00e0 travers cette plateforme que l\u2019ensemble du groupe offre aux \u00e9tudiants un acc\u00e8s aux ressources exp\u00e9rimentales d\u00e9ploy\u00e9es au sein des diff\u00e9rents \u00e9tablissements, \u00e9largissant, ainsi, leur apprentissage par la pratique et en multipliant les laboratoires d\u2019exp\u00e9riences.<\/p>\n\n\n\n<p>Les \u00e9tudiants peuvent ainsi acc\u00e9der \u00e0 ces travaux pratiques digitalis\u00e9s en lien avec leurs enseignements, de n\u2019importe o\u00f9, \u00e0 toute heure et depuis tout type d\u2019\u00e9quipements num\u00e9riques.&nbsp;<\/p>\n\n\n\n<p><strong>IREAL place l\u2019utilisateur dans les m\u00eames conditions exp\u00e9rimentales que lors d\u2019une s\u00e9ance de travaux pratiques. Il peut choisir ces valeurs d\u2019entr\u00e9es, tester, effectuer des erreurs, observer et analyser. Au-del\u00e0 de la d\u00e9monstration, IREAL laisse l\u2019utilisateur \u00eatre ma\u00eetre de ses essais.<\/strong><\/p>\n\n\n\n<p>Dans le contexte de la crise sanitaire, la plateforme permettait de mettre en place une continuit\u00e9 p\u00e9dagogique efficace en mati\u00e8re de TP en tirant profit des b\u00e9n\u00e9fices qu\u2019offre les nouvelles technologies.<\/p>\n\n\n\n<div class=\"wp-block-buttons is-content-justification-center is-layout-flex wp-container-core-buttons-is-layout-16018d1d wp-block-buttons-is-layout-flex\">\n<div class=\"wp-block-button is-style-fill\"><a class=\"wp-block-button__link wp-element-button\" href=\"https:\/\/ireal.isae-supaero.fr\/lab\/\" target=\"_blank\" rel=\"noreferrer noopener\">Aller sur la plateforme IREAL<\/a><\/div>\n<\/div>\n","protected":false},"excerpt":{"rendered":"<p>3 projets autour du Digital Learning. Le groupe ISAE capitalise l\u2019exp\u00e9rience de ces mois de formation hybride pour d\u00e9ployer un r\u00e9seau de salles de t\u00e9l\u00e9-enseignement au sein des 5 \u00e9tablissements qui le compose. Ce r\u00e9seau va permettre aux \u00e9tudiants, enseignants, enseignants-chercheurs et vacataires d\u2019exp\u00e9rimenter de nouvelles modalit\u00e9s p\u00e9dagogiques dans un environnement et un lieu offrant &hellip; <a href=\"https:\/\/learninglab.ensma.fr\/index.php\/reseaux\/groupe-isae\/digital-learning\/\" class=\"more-link\">Continuer la lecture de <span class=\"screen-reader-text\">Commission Digital Learning<\/span>  <span class=\"meta-nav\">&rarr;<\/span><\/a><\/p>\n","protected":false},"author":7,"featured_media":0,"parent":734,"menu_order":0,"comment_status":"closed","ping_status":"closed","template":"","meta":{"footnotes":""},"class_list":["post-750","page","type-page","status-publish","hentry"],"_links":{"self":[{"href":"https:\/\/learninglab.ensma.fr\/index.php\/wp-json\/wp\/v2\/pages\/750","targetHints":{"allow":["GET"]}}],"collection":[{"href":"https:\/\/learninglab.ensma.fr\/index.php\/wp-json\/wp\/v2\/pages"}],"about":[{"href":"https:\/\/learninglab.ensma.fr\/index.php\/wp-json\/wp\/v2\/types\/page"}],"author":[{"embeddable":true,"href":"https:\/\/learninglab.ensma.fr\/index.php\/wp-json\/wp\/v2\/users\/7"}],"replies":[{"embeddable":true,"href":"https:\/\/learninglab.ensma.fr\/index.php\/wp-json\/wp\/v2\/comments?post=750"}],"version-history":[{"count":14,"href":"https:\/\/learninglab.ensma.fr\/index.php\/wp-json\/wp\/v2\/pages\/750\/revisions"}],"predecessor-version":[{"id":950,"href":"https:\/\/learninglab.ensma.fr\/index.php\/wp-json\/wp\/v2\/pages\/750\/revisions\/950"}],"up":[{"embeddable":true,"href":"https:\/\/learninglab.ensma.fr\/index.php\/wp-json\/wp\/v2\/pages\/734"}],"wp:attachment":[{"href":"https:\/\/learninglab.ensma.fr\/index.php\/wp-json\/wp\/v2\/media?parent=750"}],"curies":[{"name":"wp","href":"https:\/\/api.w.org\/{rel}","templated":true}]}}