{"id":810,"date":"2023-10-26T16:54:24","date_gmt":"2023-10-26T14:54:24","guid":{"rendered":"https:\/\/learninglab.ensma.fr\/?page_id=810"},"modified":"2024-12-17T15:42:16","modified_gmt":"2024-12-17T14:42:16","slug":"luniversite-de-poitiers","status":"publish","type":"page","link":"https:\/\/learninglab.ensma.fr\/index.php\/reseaux\/luniversite-de-poitiers\/","title":{"rendered":"L&rsquo;universit\u00e9 de Poitiers"},"content":{"rendered":"\n<p class=\"has-medium-font-size\"><strong>Projet Dem\u2019UP pour la r\u00e9ussite des \u00e9tudiants<\/strong><\/p>\n\n\n\n<p><strong>L\u2019ambition de Dem\u2019UP consiste \u00e0 accro\u00eetre la r\u00e9ussite des \u00e9tudiants gr\u00e2ce \u00e0 des dispositifs de mise en situation immersive p\u00e9dagogique et \u00e0 enrichir le pr\u00e9sentiel par la mise en place d\u2019un \u00e9cosyst\u00e8me d\u2019environnement immersif.<\/strong><\/p>\n\n\n\n<p>Avec le projet Dem\u2019UP, l\u2019universit\u00e9 de Poitiers est laur\u00e9ate de l\u2019AMI \u00ab&nbsp;d\u00e9monstrateur num\u00e9rique&nbsp;\u00bb lanc\u00e9 dans le cadre du PIA4. Ce projet port\u00e9 par l\u2019universit\u00e9 de Poitiers en lien avec l\u2019\u00e9cole d\u2019ing\u00e9nieur ISAE-ENSMA participe \u00e0 la structuration de la politique de site, en associant : le CHU de Poitiers, le rectorat, les entreprises de l\u2019EdTech, le Cned, le r\u00e9seau Canop\u00e9 et l\u2019Institut des Hautes Etudes de l\u2019Education et de la Formation (IH2EF).<\/p>\n\n\n\n<p class=\"has-medium-font-size\"><strong>Les objectifs du projet Dem&rsquo;UP<\/strong><\/p>\n\n\n\n<ul class=\"wp-block-list\">\n<li>Accro\u00eetre la r\u00e9ussite de l&rsquo;\u00e9tudiant par des dispositifs p\u00e9dagogiques de mise en situation immersive<\/li>\n\n\n\n<li>Enrichir le pr\u00e9sentiel par la mise en place d&rsquo;un \u00e9cosyst\u00e8me d&rsquo;environnements immersifs<\/li>\n\n\n\n<li>Offrir des lieux et des infrastructures adapt\u00e9s aux nouvelles pratiques et \u00e0 l&rsquo;usage du num\u00e9rique<\/li>\n<\/ul>\n\n\n\n<h4 class=\"wp-block-heading\">Les axes du projet Dem\u2019UP<\/h4>\n\n\n\n<ul class=\"wp-block-list\">\n<li>Renforcer l\u2019accompagnement de l\u2019enseignant \u00e0 la sc\u00e9narisation p\u00e9dagogique et \u00e0 l\u2019usage du num\u00e9rique<\/li>\n\n\n\n<li>D\u00e9ployer des dispositifs d\u2019apprentissage immersif<\/li>\n\n\n\n<li>D\u00e9velopper de nouveaux espaces d\u2019apprentissages<\/li>\n\n\n\n<li>\u00c9valuer les dispositifs et les apprentissages<\/li>\n<\/ul>\n\n\n\n<p><em>Source : <a href=\"https:\/\/www.univ-poitiers.fr\/documents\/2022-03-14_luniversite-de-poitiers-lance-officiellement-son-projet-demup-pour-la-reussite-des-etudiants\/\" data-type=\"link\" data-id=\"https:\/\/www.univ-poitiers.fr\/documents\/2022-03-14_luniversite-de-poitiers-lance-officiellement-son-projet-demup-pour-la-reussite-des-etudiants\/\" target=\"_blank\" rel=\"noreferrer noopener\">Site de l&rsquo;Universit\u00e9 de Poitiers<\/a><\/em><\/p>\n\n\n\n<figure class=\"wp-block-embed is-type-wp-embed is-provider-p-le-p-dago-num-ensma wp-block-embed-p-le-p-dago-num-ensma\"><div class=\"wp-block-embed__wrapper\">\n<blockquote class=\"wp-embedded-content\" data-secret=\"vlwhyn9iVy\"><a href=\"https:\/\/learninglab.ensma.fr\/index.php\/reseaux\/luniversite-de-poitiers\/demup-a-lisae-ensma\/\">DEM&rsquo;UP \u00e0 l&rsquo;ISAE-ENSMA<\/a><\/blockquote><iframe loading=\"lazy\" class=\"wp-embedded-content\" sandbox=\"allow-scripts\" security=\"restricted\" style=\"position: absolute; visibility: hidden;\" title=\"\u00ab\u00a0DEM&rsquo;UP \u00e0 l&rsquo;ISAE-ENSMA\u00a0\u00bb &#8212; P\u00f4le p\u00e9dago-Num ENSMA\" src=\"https:\/\/learninglab.ensma.fr\/index.php\/reseaux\/luniversite-de-poitiers\/demup-a-lisae-ensma\/embed\/#?secret=4JaF2FCXvl#?secret=vlwhyn9iVy\" data-secret=\"vlwhyn9iVy\" width=\"474\" height=\"267\" frameborder=\"0\" marginwidth=\"0\" marginheight=\"0\" scrolling=\"no\"><\/iframe>\n<\/div><\/figure>\n","protected":false},"excerpt":{"rendered":"<p>Projet Dem\u2019UP pour la r\u00e9ussite des \u00e9tudiants L\u2019ambition de Dem\u2019UP consiste \u00e0 accro\u00eetre la r\u00e9ussite des \u00e9tudiants gr\u00e2ce \u00e0 des dispositifs de mise en situation immersive p\u00e9dagogique et \u00e0 enrichir le pr\u00e9sentiel par la mise en place d\u2019un \u00e9cosyst\u00e8me d\u2019environnement immersif. Avec le projet Dem\u2019UP, l\u2019universit\u00e9 de Poitiers est laur\u00e9ate de l\u2019AMI \u00ab&nbsp;d\u00e9monstrateur num\u00e9rique&nbsp;\u00bb lanc\u00e9 &hellip; <a href=\"https:\/\/learninglab.ensma.fr\/index.php\/reseaux\/luniversite-de-poitiers\/\" class=\"more-link\">Continuer la lecture de <span class=\"screen-reader-text\">L&rsquo;universit\u00e9 de Poitiers<\/span>  <span class=\"meta-nav\">&rarr;<\/span><\/a><\/p>\n","protected":false},"author":7,"featured_media":0,"parent":552,"menu_order":0,"comment_status":"closed","ping_status":"closed","template":"","meta":{"footnotes":""},"class_list":["post-810","page","type-page","status-publish","hentry"],"_links":{"self":[{"href":"https:\/\/learninglab.ensma.fr\/index.php\/wp-json\/wp\/v2\/pages\/810","targetHints":{"allow":["GET"]}}],"collection":[{"href":"https:\/\/learninglab.ensma.fr\/index.php\/wp-json\/wp\/v2\/pages"}],"about":[{"href":"https:\/\/learninglab.ensma.fr\/index.php\/wp-json\/wp\/v2\/types\/page"}],"author":[{"embeddable":true,"href":"https:\/\/learninglab.ensma.fr\/index.php\/wp-json\/wp\/v2\/users\/7"}],"replies":[{"embeddable":true,"href":"https:\/\/learninglab.ensma.fr\/index.php\/wp-json\/wp\/v2\/comments?post=810"}],"version-history":[{"count":8,"href":"https:\/\/learninglab.ensma.fr\/index.php\/wp-json\/wp\/v2\/pages\/810\/revisions"}],"predecessor-version":[{"id":949,"href":"https:\/\/learninglab.ensma.fr\/index.php\/wp-json\/wp\/v2\/pages\/810\/revisions\/949"}],"up":[{"embeddable":true,"href":"https:\/\/learninglab.ensma.fr\/index.php\/wp-json\/wp\/v2\/pages\/552"}],"wp:attachment":[{"href":"https:\/\/learninglab.ensma.fr\/index.php\/wp-json\/wp\/v2\/media?parent=810"}],"curies":[{"name":"wp","href":"https:\/\/api.w.org\/{rel}","templated":true}]}}