{"id":828,"date":"2023-11-16T13:36:11","date_gmt":"2023-11-16T12:36:11","guid":{"rendered":"https:\/\/learninglab.ensma.fr\/?page_id=828"},"modified":"2023-11-16T13:36:11","modified_gmt":"2023-11-16T12:36:11","slug":"les-robots-de-tele-presence","status":"publish","type":"page","link":"https:\/\/learninglab.ensma.fr\/index.php\/ressources\/les-robots-de-tele-presence\/","title":{"rendered":"Les robots de t\u00e9l\u00e9 pr\u00e9sence"},"content":{"rendered":"\n<p>L\u2019ISAE-ENSMA poss\u00e8de deux robots de t\u00e9l\u00e9 pr\u00e9sence BEAM au service de l\u2019inclusion, de l\u2019adaptation et de la formation d\u2019excellence.<\/p>\n\n\n<div class=\"wp-block-image\">\n<figure class=\"aligncenter size-full is-resized\"><img loading=\"lazy\" decoding=\"async\" width=\"248\" height=\"195\" src=\"https:\/\/learninglab.ensma.fr\/wp-content\/uploads\/2023\/11\/image-1.png\" alt=\"\" class=\"wp-image-829\" style=\"width:281px;height:auto\"\/><\/figure>\n<\/div>\n\n\n<p>Ces robots permettent \u00e0 un utilisateur \u00e0 distance d\u2019interagir de mani\u00e8re r\u00e9aliste avec d\u2019autres personnes qui sont en pr\u00e9sence. A partir de son ordinateur, l\u2019utilisateur distant peut \u00e0 la fois communiquer et contr\u00f4ler les d\u00e9placements du robot. L\u2019utilisation de cette technologie n\u00e9cessite d\u2019\u00eatre (in)form\u00e9 afin d\u2019\u00eatre pr\u00e9par\u00e9.<\/p>\n\n\n\n<p>Ces robots peuvent \u00eatre utilis\u00e9s par des \u00e9tudiants emp\u00each\u00e9s mais nous pouvons \u00e9galement imaginer qu\u2019un enseignant distant pourrait \u00e9galement se saisir de cette innovation.<\/p>\n\n\n\n<figure class=\"wp-block-image size-full is-resized\"><img loading=\"lazy\" decoding=\"async\" width=\"502\" height=\"648\" src=\"https:\/\/learninglab.ensma.fr\/wp-content\/uploads\/2023\/11\/image-2.png\" alt=\"\" class=\"wp-image-830\" style=\"width:801px;height:auto\" srcset=\"https:\/\/learninglab.ensma.fr\/wp-content\/uploads\/2023\/11\/image-2.png 502w, https:\/\/learninglab.ensma.fr\/wp-content\/uploads\/2023\/11\/image-2-232x300.png 232w\" sizes=\"auto, (max-width: 502px) 100vw, 502px\" \/><\/figure>\n","protected":false},"excerpt":{"rendered":"<p>L\u2019ISAE-ENSMA poss\u00e8de deux robots de t\u00e9l\u00e9 pr\u00e9sence BEAM au service de l\u2019inclusion, de l\u2019adaptation et de la formation d\u2019excellence. Ces robots permettent \u00e0 un utilisateur \u00e0 distance d\u2019interagir de mani\u00e8re r\u00e9aliste avec d\u2019autres personnes qui sont en pr\u00e9sence. A partir de son ordinateur, l\u2019utilisateur distant peut \u00e0 la fois communiquer et contr\u00f4ler les d\u00e9placements du &hellip; <a href=\"https:\/\/learninglab.ensma.fr\/index.php\/ressources\/les-robots-de-tele-presence\/\" class=\"more-link\">Continuer la lecture de <span class=\"screen-reader-text\">Les robots de t\u00e9l\u00e9 pr\u00e9sence<\/span>  <span class=\"meta-nav\">&rarr;<\/span><\/a><\/p>\n","protected":false},"author":7,"featured_media":0,"parent":207,"menu_order":0,"comment_status":"closed","ping_status":"closed","template":"","meta":{"footnotes":""},"class_list":["post-828","page","type-page","status-publish","hentry"],"_links":{"self":[{"href":"https:\/\/learninglab.ensma.fr\/index.php\/wp-json\/wp\/v2\/pages\/828","targetHints":{"allow":["GET"]}}],"collection":[{"href":"https:\/\/learninglab.ensma.fr\/index.php\/wp-json\/wp\/v2\/pages"}],"about":[{"href":"https:\/\/learninglab.ensma.fr\/index.php\/wp-json\/wp\/v2\/types\/page"}],"author":[{"embeddable":true,"href":"https:\/\/learninglab.ensma.fr\/index.php\/wp-json\/wp\/v2\/users\/7"}],"replies":[{"embeddable":true,"href":"https:\/\/learninglab.ensma.fr\/index.php\/wp-json\/wp\/v2\/comments?post=828"}],"version-history":[{"count":1,"href":"https:\/\/learninglab.ensma.fr\/index.php\/wp-json\/wp\/v2\/pages\/828\/revisions"}],"predecessor-version":[{"id":831,"href":"https:\/\/learninglab.ensma.fr\/index.php\/wp-json\/wp\/v2\/pages\/828\/revisions\/831"}],"up":[{"embeddable":true,"href":"https:\/\/learninglab.ensma.fr\/index.php\/wp-json\/wp\/v2\/pages\/207"}],"wp:attachment":[{"href":"https:\/\/learninglab.ensma.fr\/index.php\/wp-json\/wp\/v2\/media?parent=828"}],"curies":[{"name":"wp","href":"https:\/\/api.w.org\/{rel}","templated":true}]}}