{"id":861,"date":"2024-12-13T14:42:44","date_gmt":"2024-12-13T13:42:44","guid":{"rendered":"https:\/\/learninglab.ensma.fr\/?page_id=861"},"modified":"2025-11-04T16:00:14","modified_gmt":"2025-11-04T15:00:14","slug":"valorisation","status":"publish","type":"page","link":"https:\/\/learninglab.ensma.fr\/index.php\/valorisation\/","title":{"rendered":"Valorisation"},"content":{"rendered":"\n<p class=\"has-medium-font-size\">R\u00e9tribution pour l&rsquo;innovation p\u00e9dagogique<\/p>\n\n\n\n<p><\/p>\n\n\n\n<div class=\"wp-block-columns is-layout-flex wp-container-core-columns-is-layout-9d6595d7 wp-block-columns-is-layout-flex\">\n<div class=\"wp-block-column is-layout-flow wp-block-column-is-layout-flow\" style=\"flex-basis:100%\">\n<p class=\"has-text-align-left\">Depuis <strong>septembre 2023<\/strong>, notre \u00e9tablissement a mis en place une <strong>r\u00e9tribution au titre de l\u2019innovation p\u00e9dagogique<\/strong> afin de valoriser et d\u2019encourager les initiatives des enseignants qui d\u00e9veloppent de nouveaux dispositifs ou exp\u00e9rimentations au service des apprentissages.<\/p>\n<\/div>\n<\/div>\n\n\n\n<p class=\"has-medium-font-size\"><strong>Deux sessions sont organis\u00e9es chaque ann\u00e9e : <\/strong><\/p>\n\n\n\n<ul class=\"wp-block-list\">\n<li>Septembre\/Octobre<\/li>\n\n\n\n<li>Mars\/Avril<\/li>\n<\/ul>\n\n\n\n<p>Ces sessions permettent de d\u00e9poser et de suivre les projets d&rsquo;innovation selon un calendrier r\u00e9gulier et structur\u00e9. <\/p>\n\n\n\n<p class=\"has-medium-font-size\"><strong>Un dispositif en deux phases de candidature : <\/strong><\/p>\n\n\n\n<p><strong>Phase 1 : d\u00e9p\u00f4t du projet<\/strong><\/p>\n\n\n\n<p>Au lancement du projet, ou avant sa mise en \u0153uvre, l\u2019enseignant int\u00e9ress\u00e9 constitue un dossier de candidature pr\u00e9sentant :<\/p>\n\n\n\n<ul class=\"wp-block-list\">\n<li>Les objectifs du projet,<\/li>\n\n\n\n<li>Les modalit\u00e9s de mise en \u0153uvre,<\/li>\n\n\n\n<li>Les motivations,<\/li>\n\n\n\n<li>Et les perspectives de p\u00e9rennisation, de transf\u00e9rabilit\u00e9 et de valorisation du projet.<\/li>\n<\/ul>\n\n\n\n<p>Une fois le dossier d\u00e9pos\u00e9, un <strong>comit\u00e9 restreint<\/strong> \u00e9tudie la proposition. \u00c0 partir d\u2019une grille crit\u00e9ri\u00e9e et d\u2019un bar\u00e8me, il d\u00e9termine le nombre d\u2019heures attribu\u00e9es au titre de la r\u00e9tribution pour l\u2019innovation p\u00e9dagogique.<\/p>\n\n\n\n<p>L\u2019enseignant dispose ensuite d\u2019un <strong>d\u00e9lai de 18 mois<\/strong> pour r\u00e9aliser son projet.<\/p>\n\n\n\n<p><strong>Phase 2 : pr\u00e9sentation du projet abouti<\/strong><\/p>\n\n\n\n<p>\u00c0 la fin de la p\u00e9riode de r\u00e9alisation, l\u2019enseignant transmet une <strong>pr\u00e9sentation libre <\/strong>(forme au choix : diaporama, vid\u00e9o, rapport, affiche, etc.) qui :<\/p>\n\n\n\n<ul class=\"wp-block-list\">\n<li>Description du projet et de son caract\u00e8re innovant<\/li>\n\n\n\n<li>Retour des \u00e9tudiants et \u00e9valuation des objectifs initiaux<\/li>\n\n\n\n<li>Conseils et retours d\u2019exp\u00e9rience sur la mise en \u0153uvre<\/li>\n\n\n\n<li>Pistes pour la suite du projet<\/li>\n<\/ul>\n\n\n\n<p class=\"has-medium-font-size\"><strong>Un moment de partage et de valorisation<\/strong><\/p>\n\n\n\n<p>Afin de diffuser les bonnes pratiques et de favoriser la mutualisation des exp\u00e9riences, une <strong>assembl\u00e9e des enseignants<\/strong> sera organis\u00e9e \u00e0 r\u00e9ception de plusieurs phase 2. <\/p>\n\n\n\n<p>Ce temps d\u2019\u00e9changes permet \u00e0 chacun de pr\u00e9senter ses r\u00e9alisations, de <strong>partager son exp\u00e9rience<\/strong> et de s\u2019inspirer des innovations mises en \u0153uvre par ses coll\u00e8gues.<\/p>\n\n\n\n<p class=\"has-medium-font-size\"><strong>Un dispositif au service de la cr\u00e9ativit\u00e9 et de la p\u00e9dagogie<\/strong><\/p>\n\n\n\n<p>Par cette r\u00e9tribution, notre \u00e9tablissement souhaite reconna\u00eetre l\u2019engagement des enseignants dans la transformation des pratiques p\u00e9dagogiques et soutenir l\u2019\u00e9mergence de projets innovants au b\u00e9n\u00e9fice des \u00e9tudiants.<\/p>\n\n\n\n<p><\/p>\n","protected":false},"excerpt":{"rendered":"<p>R\u00e9tribution pour l&rsquo;innovation p\u00e9dagogique Depuis septembre 2023, notre \u00e9tablissement a mis en place une r\u00e9tribution au titre de l\u2019innovation p\u00e9dagogique afin de valoriser et d\u2019encourager les initiatives des enseignants qui d\u00e9veloppent de nouveaux dispositifs ou exp\u00e9rimentations au service des apprentissages. Deux sessions sont organis\u00e9es chaque ann\u00e9e : Ces sessions permettent de d\u00e9poser et de suivre &hellip; <a href=\"https:\/\/learninglab.ensma.fr\/index.php\/valorisation\/\" class=\"more-link\">Continuer la lecture de <span class=\"screen-reader-text\">Valorisation<\/span>  <span class=\"meta-nav\">&rarr;<\/span><\/a><\/p>\n","protected":false},"author":7,"featured_media":0,"parent":0,"menu_order":0,"comment_status":"closed","ping_status":"closed","template":"","meta":{"footnotes":""},"class_list":["post-861","page","type-page","status-publish","hentry"],"_links":{"self":[{"href":"https:\/\/learninglab.ensma.fr\/index.php\/wp-json\/wp\/v2\/pages\/861","targetHints":{"allow":["GET"]}}],"collection":[{"href":"https:\/\/learninglab.ensma.fr\/index.php\/wp-json\/wp\/v2\/pages"}],"about":[{"href":"https:\/\/learninglab.ensma.fr\/index.php\/wp-json\/wp\/v2\/types\/page"}],"author":[{"embeddable":true,"href":"https:\/\/learninglab.ensma.fr\/index.php\/wp-json\/wp\/v2\/users\/7"}],"replies":[{"embeddable":true,"href":"https:\/\/learninglab.ensma.fr\/index.php\/wp-json\/wp\/v2\/comments?post=861"}],"version-history":[{"count":3,"href":"https:\/\/learninglab.ensma.fr\/index.php\/wp-json\/wp\/v2\/pages\/861\/revisions"}],"predecessor-version":[{"id":1002,"href":"https:\/\/learninglab.ensma.fr\/index.php\/wp-json\/wp\/v2\/pages\/861\/revisions\/1002"}],"wp:attachment":[{"href":"https:\/\/learninglab.ensma.fr\/index.php\/wp-json\/wp\/v2\/media?parent=861"}],"curies":[{"name":"wp","href":"https:\/\/api.w.org\/{rel}","templated":true}]}}