{"id":883,"date":"2024-12-17T14:44:28","date_gmt":"2024-12-17T13:44:28","guid":{"rendered":"https:\/\/learninglab.ensma.fr\/?page_id=883"},"modified":"2024-12-17T14:58:47","modified_gmt":"2024-12-17T13:58:47","slug":"seminaire-dl","status":"publish","type":"page","link":"https:\/\/learninglab.ensma.fr\/index.php\/reseaux\/groupe-isae\/digital-learning\/seminaire-dl\/","title":{"rendered":"S\u00e9minaire DL 2024"},"content":{"rendered":"\n<p><\/p>\n\n\n\n<p><strong>Retour sur le S\u00e9minaire Digital Learning \u2013 Groupe ISAE 2024<\/strong>&nbsp;<\/p>\n\n\n\n<p>Merci \u00e0 toutes et tous d\u2019avoir particip\u00e9 au S\u00e9minaire Digital Learning qui s\u2019est tenu le 2 octobre 2024 sur le campus de l\u2019ISAE-SUPMECA \u00e0 Saint-Ouen !&nbsp;&nbsp;<\/p>\n\n\n\n<p>Cette journ\u00e9e a \u00e9t\u00e9 marqu\u00e9e par des \u00e9changes riches et inspirants autour des <strong>p\u00e9dagogies actives<\/strong>, de l\u2019<strong>Intelligence Artificielle G\u00e9n\u00e9rative<\/strong>, de l\u2019<strong>Approche Par Comp\u00e9tences<\/strong> et de la <strong>Propri\u00e9t\u00e9 Intellectuelle<\/strong> dans le cadre de la digitalisation.\u00a0\u00a0<\/p>\n\n\n<div class=\"wp-block-image\">\n<figure class=\"aligncenter size-large\"><img loading=\"lazy\" decoding=\"async\" width=\"1024\" height=\"681\" src=\"https:\/\/learninglab.ensma.fr\/wp-content\/uploads\/2024\/12\/DSC06976-bis-1024x681.jpg\" alt=\"\" class=\"wp-image-903\" srcset=\"https:\/\/learninglab.ensma.fr\/wp-content\/uploads\/2024\/12\/DSC06976-bis-1024x681.jpg 1024w, https:\/\/learninglab.ensma.fr\/wp-content\/uploads\/2024\/12\/DSC06976-bis-300x199.jpg 300w, https:\/\/learninglab.ensma.fr\/wp-content\/uploads\/2024\/12\/DSC06976-bis-768x511.jpg 768w, https:\/\/learninglab.ensma.fr\/wp-content\/uploads\/2024\/12\/DSC06976-bis-1536x1021.jpg 1536w, https:\/\/learninglab.ensma.fr\/wp-content\/uploads\/2024\/12\/DSC06976-bis-2048x1362.jpg 2048w\" sizes=\"auto, (max-width: 1024px) 100vw, 1024px\" \/><\/figure>\n<\/div>\n\n<div class=\"wp-block-image\">\n<figure class=\"aligncenter size-large\"><img loading=\"lazy\" decoding=\"async\" width=\"1024\" height=\"680\" src=\"https:\/\/learninglab.ensma.fr\/wp-content\/uploads\/2024\/12\/DSC06965-1024x680.jpg\" alt=\"\" class=\"wp-image-905\" srcset=\"https:\/\/learninglab.ensma.fr\/wp-content\/uploads\/2024\/12\/DSC06965-1024x680.jpg 1024w, https:\/\/learninglab.ensma.fr\/wp-content\/uploads\/2024\/12\/DSC06965-300x199.jpg 300w, https:\/\/learninglab.ensma.fr\/wp-content\/uploads\/2024\/12\/DSC06965-768x510.jpg 768w, https:\/\/learninglab.ensma.fr\/wp-content\/uploads\/2024\/12\/DSC06965-1536x1021.jpg 1536w, https:\/\/learninglab.ensma.fr\/wp-content\/uploads\/2024\/12\/DSC06965-2048x1361.jpg 2048w\" sizes=\"auto, (max-width: 1024px) 100vw, 1024px\" \/><\/figure>\n<\/div>\n\n\n<p>Nous vous remercions pour votre enthousiasme et votre engagement. <\/p>\n\n\n\n<p>A tr\u00e8s bient\u00f4t pour de nouvelles aventures p\u00e9dagogiques !\u00a0\u00a0<\/p>\n\n\n\n<p><\/p>\n","protected":false},"excerpt":{"rendered":"<p>Retour sur le S\u00e9minaire Digital Learning \u2013 Groupe ISAE 2024&nbsp; Merci \u00e0 toutes et tous d\u2019avoir particip\u00e9 au S\u00e9minaire Digital Learning qui s\u2019est tenu le 2 octobre 2024 sur le campus de l\u2019ISAE-SUPMECA \u00e0 Saint-Ouen !&nbsp;&nbsp; Cette journ\u00e9e a \u00e9t\u00e9 marqu\u00e9e par des \u00e9changes riches et inspirants autour des p\u00e9dagogies actives, de l\u2019Intelligence Artificielle G\u00e9n\u00e9rative, &hellip; <a href=\"https:\/\/learninglab.ensma.fr\/index.php\/reseaux\/groupe-isae\/digital-learning\/seminaire-dl\/\" class=\"more-link\">Continuer la lecture de <span class=\"screen-reader-text\">S\u00e9minaire DL 2024<\/span>  <span class=\"meta-nav\">&rarr;<\/span><\/a><\/p>\n","protected":false},"author":7,"featured_media":0,"parent":750,"menu_order":0,"comment_status":"closed","ping_status":"closed","template":"","meta":{"footnotes":""},"class_list":["post-883","page","type-page","status-publish","hentry"],"_links":{"self":[{"href":"https:\/\/learninglab.ensma.fr\/index.php\/wp-json\/wp\/v2\/pages\/883","targetHints":{"allow":["GET"]}}],"collection":[{"href":"https:\/\/learninglab.ensma.fr\/index.php\/wp-json\/wp\/v2\/pages"}],"about":[{"href":"https:\/\/learninglab.ensma.fr\/index.php\/wp-json\/wp\/v2\/types\/page"}],"author":[{"embeddable":true,"href":"https:\/\/learninglab.ensma.fr\/index.php\/wp-json\/wp\/v2\/users\/7"}],"replies":[{"embeddable":true,"href":"https:\/\/learninglab.ensma.fr\/index.php\/wp-json\/wp\/v2\/comments?post=883"}],"version-history":[{"count":3,"href":"https:\/\/learninglab.ensma.fr\/index.php\/wp-json\/wp\/v2\/pages\/883\/revisions"}],"predecessor-version":[{"id":906,"href":"https:\/\/learninglab.ensma.fr\/index.php\/wp-json\/wp\/v2\/pages\/883\/revisions\/906"}],"up":[{"embeddable":true,"href":"https:\/\/learninglab.ensma.fr\/index.php\/wp-json\/wp\/v2\/pages\/750"}],"wp:attachment":[{"href":"https:\/\/learninglab.ensma.fr\/index.php\/wp-json\/wp\/v2\/media?parent=883"}],"curies":[{"name":"wp","href":"https:\/\/api.w.org\/{rel}","templated":true}]}}