{"id":930,"date":"2024-12-17T15:28:04","date_gmt":"2024-12-17T14:28:04","guid":{"rendered":"https:\/\/learninglab.ensma.fr\/?page_id=930"},"modified":"2024-12-17T15:37:42","modified_gmt":"2024-12-17T14:37:42","slug":"salle-immersive","status":"publish","type":"page","link":"https:\/\/learninglab.ensma.fr\/index.php\/reseaux\/luniversite-de-poitiers\/demup-a-lisae-ensma\/salle-immersive\/","title":{"rendered":"Salle immersive"},"content":{"rendered":"\n<p><\/p>\n\n\n\n<p>L\u2019ISAE-ENSMA souhaite renforcer ses infrastructures pour qu&rsquo;elles r\u00e9pondent aux usages du num\u00e9rique et de la virtualisation. <\/p>\n\n\n\n<p>Pour cela, l\u2019\u00e9cole envisage l\u2019am\u00e9nagement d\u2019une <strong>salle immersive \u00e9quip\u00e9e de technologies num\u00e9riques, de piste pour drones<\/strong> (au sol et sur une table), favorisant ainsi <strong>l\u2019interaction et la participation active des \u00e9tudiants<\/strong> dans le d\u00e9ploiement d\u2019<strong>enseignements innovants<\/strong>.<\/p>\n\n\n\n<p><\/p>\n\n\n\n<p>Les travaux sont \u00e0 venir en 2025&#8230;.<\/p>\n\n\n\n<p>Communication \u00e0 suivre&#8230;<\/p>\n\n\n\n<p><\/p>\n","protected":false},"excerpt":{"rendered":"<p>L\u2019ISAE-ENSMA souhaite renforcer ses infrastructures pour qu&rsquo;elles r\u00e9pondent aux usages du num\u00e9rique et de la virtualisation. Pour cela, l\u2019\u00e9cole envisage l\u2019am\u00e9nagement d\u2019une salle immersive \u00e9quip\u00e9e de technologies num\u00e9riques, de piste pour drones (au sol et sur une table), favorisant ainsi l\u2019interaction et la participation active des \u00e9tudiants dans le d\u00e9ploiement d\u2019enseignements innovants. Les travaux sont &hellip; <a href=\"https:\/\/learninglab.ensma.fr\/index.php\/reseaux\/luniversite-de-poitiers\/demup-a-lisae-ensma\/salle-immersive\/\" class=\"more-link\">Continuer la lecture de <span class=\"screen-reader-text\">Salle immersive<\/span>  <span class=\"meta-nav\">&rarr;<\/span><\/a><\/p>\n","protected":false},"author":7,"featured_media":0,"parent":915,"menu_order":0,"comment_status":"closed","ping_status":"closed","template":"","meta":{"footnotes":""},"class_list":["post-930","page","type-page","status-publish","hentry"],"_links":{"self":[{"href":"https:\/\/learninglab.ensma.fr\/index.php\/wp-json\/wp\/v2\/pages\/930","targetHints":{"allow":["GET"]}}],"collection":[{"href":"https:\/\/learninglab.ensma.fr\/index.php\/wp-json\/wp\/v2\/pages"}],"about":[{"href":"https:\/\/learninglab.ensma.fr\/index.php\/wp-json\/wp\/v2\/types\/page"}],"author":[{"embeddable":true,"href":"https:\/\/learninglab.ensma.fr\/index.php\/wp-json\/wp\/v2\/users\/7"}],"replies":[{"embeddable":true,"href":"https:\/\/learninglab.ensma.fr\/index.php\/wp-json\/wp\/v2\/comments?post=930"}],"version-history":[{"count":3,"href":"https:\/\/learninglab.ensma.fr\/index.php\/wp-json\/wp\/v2\/pages\/930\/revisions"}],"predecessor-version":[{"id":942,"href":"https:\/\/learninglab.ensma.fr\/index.php\/wp-json\/wp\/v2\/pages\/930\/revisions\/942"}],"up":[{"embeddable":true,"href":"https:\/\/learninglab.ensma.fr\/index.php\/wp-json\/wp\/v2\/pages\/915"}],"wp:attachment":[{"href":"https:\/\/learninglab.ensma.fr\/index.php\/wp-json\/wp\/v2\/media?parent=930"}],"curies":[{"name":"wp","href":"https:\/\/api.w.org\/{rel}","templated":true}]}}